{"id":1668,"date":"2024-10-15T15:35:29","date_gmt":"2024-10-15T07:35:29","guid":{"rendered":"https:\/\/meiloz.com\/?page_id=1668"},"modified":"2024-10-25T15:05:37","modified_gmt":"2024-10-25T07:05:37","slug":"faq","status":"publish","type":"page","link":"https:\/\/meiloz.com\/de\/faq\/","title":{"rendered":"Kochgeschirr FAQ"},"content":{"rendered":"<div data-elementor-type=\"wp-page\" data-elementor-id=\"1668\" class=\"elementor elementor-1668\" data-elementor-post-type=\"page\">\n\t\t\t\t<div class=\"elementor-element elementor-element-3647b1b e-flex e-con-boxed e-con e-parent\" data-id=\"3647b1b\" data-element_type=\"container\" data-e-type=\"container\" data-settings=\"{&quot;background_background&quot;:&quot;classic&quot;}\">\n\t\t\t\t\t<div class=\"e-con-inner\">\n\t\t\t\t<div class=\"elementor-element elementor-element-4465d1e elementor-widget elementor-widget-heading\" data-id=\"4465d1e\" data-element_type=\"widget\" data-e-type=\"widget\" data-widget_type=\"heading.default\">\n\t\t\t\t<div class=\"elementor-widget-container\">\n\t\t\t\t\t<h2 class=\"elementor-heading-title elementor-size-default\">FAQ<\/h2>\t\t\t\t<\/div>\n\t\t\t\t<\/div>\n\t\t\t\t\t<\/div>\n\t\t\t\t<\/div>\n\t\t<div class=\"elementor-element elementor-element-5c40a460 e-con-full e-flex e-con e-parent\" data-id=\"5c40a460\" data-element_type=\"container\" data-e-type=\"container\" data-settings=\"{&quot;background_background&quot;:&quot;classic&quot;}\">\n\t\t\t\t<div class=\"elementor-element elementor-element-74b68f0c elementor-widget__width-initial elementor-widget elementor-widget-toggle\" data-id=\"74b68f0c\" data-element_type=\"widget\" data-e-type=\"widget\" data-widget_type=\"toggle.default\">\n\t\t\t\t<div class=\"elementor-widget-container\">\n\t\t\t\t\t\t\t<div class=\"elementor-toggle\">\n\t\t\t\t\t\t\t<div class=\"elementor-toggle-item\">\n\t\t\t\t\t<h5 id=\"elementor-tab-title-1951\" class=\"elementor-tab-title\" data-tab=\"1\" role=\"button\" aria-controls=\"elementor-tab-content-1951\" aria-expanded=\"false\">\n\t\t\t\t\t\t\t\t\t\t\t\t<a class=\"elementor-toggle-title\" tabindex=\"0\">Wie lange dauert die Herstellung einer neuen Form?<\/a>\n\t\t\t\t\t<\/h5>\n\n\t\t\t\t\t<div id=\"elementor-tab-content-1951\" class=\"elementor-tab-content elementor-clearfix\" data-tab=\"1\" role=\"region\" aria-labelledby=\"elementor-tab-title-1951\"><p>Normalerweise in 30 Tagen. zwei Proben k\u00f6nnen f\u00fcr Sie bereit sein.<\/p><\/div>\n\t\t\t\t<\/div>\n\t\t\t\t\t\t\t<div class=\"elementor-toggle-item\">\n\t\t\t\t\t<h5 id=\"elementor-tab-title-1952\" class=\"elementor-tab-title\" data-tab=\"2\" role=\"button\" aria-controls=\"elementor-tab-content-1952\" aria-expanded=\"false\">\n\t\t\t\t\t\t\t\t\t\t\t\t<a class=\"elementor-toggle-title\" tabindex=\"0\">Welche Arten von gusseisernem Kochgeschirr bieten Sie an?<\/a>\n\t\t\t\t\t<\/h5>\n\n\t\t\t\t\t<div id=\"elementor-tab-content-1952\" class=\"elementor-tab-content elementor-clearfix\" data-tab=\"2\" role=\"region\" aria-labelledby=\"elementor-tab-title-1952\"><p>Wir haben uns auf eine Vielzahl von gew\u00fcrzten und emaillierten gusseisernen Kochgeschirren spezialisiert, darunter Bratpfannen, Grillpfannen, Pizzapfannen, Dutch Ovens und mehr, die auf die unterschiedlichsten kulinarischen Bed\u00fcrfnisse zugeschnitten sind.<\/p><\/div>\n\t\t\t\t<\/div>\n\t\t\t\t\t\t\t<div class=\"elementor-toggle-item\">\n\t\t\t\t\t<h5 id=\"elementor-tab-title-1953\" class=\"elementor-tab-title\" data-tab=\"3\" role=\"button\" aria-controls=\"elementor-tab-content-1953\" aria-expanded=\"false\">\n\t\t\t\t\t\t\t\t\t\t\t\t<a class=\"elementor-toggle-title\" tabindex=\"0\">Sind Ihre Produkte f\u00fcr den Kontakt mit Lebensmitteln geeignet?<\/a>\n\t\t\t\t\t<\/h5>\n\n\t\t\t\t\t<div id=\"elementor-tab-content-1953\" class=\"elementor-tab-content elementor-clearfix\" data-tab=\"3\" role=\"region\" aria-labelledby=\"elementor-tab-title-1953\"><p>Ja, alle unsere Produkte werden strengen Tests unterzogen und erf\u00fcllen die FDA-Normen f\u00fcr den US-amerikanischen Markt sowie die LFGB-Normen f\u00fcr Lebensmittelkontakt in Europa, die eine erstklassige Lebensmittelsicherheit gew\u00e4hrleisten.<\/p><\/div>\n\t\t\t\t<\/div>\n\t\t\t\t\t\t\t<div class=\"elementor-toggle-item\">\n\t\t\t\t\t<h5 id=\"elementor-tab-title-1954\" class=\"elementor-tab-title\" data-tab=\"4\" role=\"button\" aria-controls=\"elementor-tab-content-1954\" aria-expanded=\"false\">\n\t\t\t\t\t\t\t\t\t\t\t\t<a class=\"elementor-toggle-title\" tabindex=\"0\">Welches sind Ihre wichtigsten Exportl\u00e4nder?<\/a>\n\t\t\t\t\t<\/h5>\n\n\t\t\t\t\t<div id=\"elementor-tab-content-1954\" class=\"elementor-tab-content elementor-clearfix\" data-tab=\"4\" role=\"region\" aria-labelledby=\"elementor-tab-title-1954\"><p>Wir sind stolz darauf, unsere Produkte in eine Vielzahl von L\u00e4ndern zu exportieren, darunter die USA, Kanada, Australien, Europa und viele mehr, und damit die Anforderungen der globalen M\u00e4rkte zu erf\u00fcllen.<\/p><\/div>\n\t\t\t\t<\/div>\n\t\t\t\t\t\t\t<div class=\"elementor-toggle-item\">\n\t\t\t\t\t<h5 id=\"elementor-tab-title-1955\" class=\"elementor-tab-title\" data-tab=\"5\" role=\"button\" aria-controls=\"elementor-tab-content-1955\" aria-expanded=\"false\">\n\t\t\t\t\t\t\t\t\t\t\t\t<a class=\"elementor-toggle-title\" tabindex=\"0\">Wie lange dauert es von der Bestellung bis zur Lieferung?<\/a>\n\t\t\t\t\t<\/h5>\n\n\t\t\t\t\t<div id=\"elementor-tab-content-1955\" class=\"elementor-tab-content elementor-clearfix\" data-tab=\"5\" role=\"region\" aria-labelledby=\"elementor-tab-title-1955\"><p>Die Standardvorlaufzeit von der Auftragserteilung bis zur Lieferung variiert je nach Produkt und Auftragsgr\u00f6\u00dfe, liegt aber in der Regel zwischen 35 und 55 Tagen. Wir bem\u00fchen uns, Ihre zeitlichen Anforderungen so effizient wie m\u00f6glich zu erf\u00fcllen.<\/p><\/div>\n\t\t\t\t<\/div>\n\t\t\t\t\t\t\t\t<\/div>\n\t\t\t\t\t\t<\/div>\n\t\t\t\t<\/div>\n\t\t\t\t<div class=\"elementor-element elementor-element-c2b9cb0 elementor-widget__width-initial elementor-widget elementor-widget-toggle\" data-id=\"c2b9cb0\" data-element_type=\"widget\" data-e-type=\"widget\" data-widget_type=\"toggle.default\">\n\t\t\t\t<div class=\"elementor-widget-container\">\n\t\t\t\t\t\t\t<div class=\"elementor-toggle\">\n\t\t\t\t\t\t\t<div class=\"elementor-toggle-item\">\n\t\t\t\t\t<h5 id=\"elementor-tab-title-2041\" class=\"elementor-tab-title\" data-tab=\"1\" role=\"button\" aria-controls=\"elementor-tab-content-2041\" aria-expanded=\"false\">\n\t\t\t\t\t\t\t\t\t\t\t\t<a class=\"elementor-toggle-title\" tabindex=\"0\">Kann ich das Kochgeschirr an meine Marke anpassen?<\/a>\n\t\t\t\t\t<\/h5>\n\n\t\t\t\t\t<div id=\"elementor-tab-content-2041\" class=\"elementor-tab-content elementor-clearfix\" data-tab=\"1\" role=\"region\" aria-labelledby=\"elementor-tab-title-2041\"><p>Unbedingt! Wir bieten individuelle Anpassungsm\u00f6glichkeiten, einschlie\u00dflich Form, Gr\u00f6\u00dfe, Farbe und Oberfl\u00e4che, um sicherzustellen, dass das Kochgeschirr perfekt zu Ihrer Markenidentit\u00e4t passt und Ihre spezifischen Anforderungen erf\u00fcllt.<\/p><\/div>\n\t\t\t\t<\/div>\n\t\t\t\t\t\t\t<div class=\"elementor-toggle-item\">\n\t\t\t\t\t<h5 id=\"elementor-tab-title-2042\" class=\"elementor-tab-title\" data-tab=\"2\" role=\"button\" aria-controls=\"elementor-tab-content-2042\" aria-expanded=\"false\">\n\t\t\t\t\t\t\t\t\t\t\t\t<a class=\"elementor-toggle-title\" tabindex=\"0\">Wie hoch ist die Mindestbestellmenge (MOQ) f\u00fcr Ihre Produkte?<\/a>\n\t\t\t\t\t<\/h5>\n\n\t\t\t\t\t<div id=\"elementor-tab-content-2042\" class=\"elementor-tab-content elementor-clearfix\" data-tab=\"2\" role=\"region\" aria-labelledby=\"elementor-tab-title-2042\"><p>Normalerweise 500-1000 St\u00fcck.<\/p><p>Unser MOQ ist flexibel und h\u00e4ngt von der Produktlinie und den kundenspezifischen Details ab.<\/p><p>Setzen Sie sich mit uns in Verbindung, um Ihre spezifischen Anforderungen zu besprechen und eine f\u00fcr Sie optimale L\u00f6sung zu finden.<\/p><\/div>\n\t\t\t\t<\/div>\n\t\t\t\t\t\t\t<div class=\"elementor-toggle-item\">\n\t\t\t\t\t<h5 id=\"elementor-tab-title-2043\" class=\"elementor-tab-title\" data-tab=\"3\" role=\"button\" aria-controls=\"elementor-tab-content-2043\" aria-expanded=\"false\">\n\t\t\t\t\t\t\t\t\t\t\t\t<a class=\"elementor-toggle-title\" tabindex=\"0\">Was macht gew\u00fcrztes Gusseisen zu einem einzigartigen Kochgeschirr?<\/a>\n\t\t\t\t\t<\/h5>\n\n\t\t\t\t\t<div id=\"elementor-tab-content-2043\" class=\"elementor-tab-content elementor-clearfix\" data-tab=\"3\" role=\"region\" aria-labelledby=\"elementor-tab-title-2043\"><p>Gew\u00fcrztes Gusseisen-Kochgeschirr bietet eine au\u00dfergew\u00f6hnliche W\u00e4rmespeicherung und gleichm\u00e4\u00dfiges Garen. Es ist von Natur aus antihaftbeschichtet, sobald es richtig gew\u00fcrzt ist, und verbessert mit der Zeit den Geschmack, was es ideal f\u00fcr eine Reihe von Kochstilen macht.<\/p><\/div>\n\t\t\t\t<\/div>\n\t\t\t\t\t\t\t<div class=\"elementor-toggle-item\">\n\t\t\t\t\t<h5 id=\"elementor-tab-title-2044\" class=\"elementor-tab-title\" data-tab=\"4\" role=\"button\" aria-controls=\"elementor-tab-content-2044\" aria-expanded=\"false\">\n\t\t\t\t\t\t\t\t\t\t\t\t<a class=\"elementor-toggle-title\" tabindex=\"0\">Wie zeichnet sich Ihr Kochgeschirr in Bezug auf die Haltbarkeit aus?<\/a>\n\t\t\t\t\t<\/h5>\n\n\t\t\t\t\t<div id=\"elementor-tab-content-2044\" class=\"elementor-tab-content elementor-clearfix\" data-tab=\"4\" role=\"region\" aria-labelledby=\"elementor-tab-title-2044\"><p>Unser Kochgeschirr wird unter Verwendung hochwertiger Materialien und modernster Fertigungstechnologien hergestellt, um eine hervorragende Haltbarkeit und Langlebigkeit zu gew\u00e4hrleisten, selbst bei starker Beanspruchung in professionellen Umgebungen.<\/p><\/div>\n\t\t\t\t<\/div>\n\t\t\t\t\t\t\t<div class=\"elementor-toggle-item\">\n\t\t\t\t\t<h5 id=\"elementor-tab-title-2045\" class=\"elementor-tab-title\" data-tab=\"5\" role=\"button\" aria-controls=\"elementor-tab-content-2045\" aria-expanded=\"false\">\n\t\t\t\t\t\t\t\t\t\t\t\t<a class=\"elementor-toggle-title\" tabindex=\"0\"><\/a>\n\t\t\t\t\t<\/h5>\n\n\t\t\t\t\t<div id=\"elementor-tab-content-2045\" class=\"elementor-tab-content elementor-clearfix\" data-tab=\"5\" role=\"region\" aria-labelledby=\"elementor-tab-title-2045\"><\/div>\n\t\t\t\t<\/div>\n\t\t\t\t\t\t\t\t<\/div>\n\t\t\t\t\t\t<\/div>\n\t\t\t\t<\/div>\n\t\t\t\t<\/div>\n\t\t\t\t<\/div>","protected":false},"excerpt":{"rendered":"<p>FAQ Wie lange dauert die Herstellung einer neuen Form? Normalerweise in 30 Tagen. zwei Proben k\u00f6nnen f\u00fcr Sie bereit sein. Welche Arten von Gusseisen-Kochgeschirr bieten Sie an? Wir haben uns auf eine Vielzahl von gew\u00fcrzten und emaillierten Gusseisen-Kochgeschirren spezialisiert, darunter Bratpfannen, Grillpfannen, Pizzapfannen, Dutch Ovens und mehr, die auf die Bed\u00fcrfnisse der [...]<\/p>","protected":false},"author":1,"featured_media":0,"parent":0,"menu_order":0,"comment_status":"closed","ping_status":"closed","template":"","meta":{"footnotes":""},"class_list":["post-1668","page","type-page","status-publish","hentry"],"_links":{"self":[{"href":"https:\/\/meiloz.com\/de\/wp-json\/wp\/v2\/pages\/1668","targetHints":{"allow":["GET"]}}],"collection":[{"href":"https:\/\/meiloz.com\/de\/wp-json\/wp\/v2\/pages"}],"about":[{"href":"https:\/\/meiloz.com\/de\/wp-json\/wp\/v2\/types\/page"}],"author":[{"embeddable":true,"href":"https:\/\/meiloz.com\/de\/wp-json\/wp\/v2\/users\/1"}],"replies":[{"embeddable":true,"href":"https:\/\/meiloz.com\/de\/wp-json\/wp\/v2\/comments?post=1668"}],"version-history":[{"count":10,"href":"https:\/\/meiloz.com\/de\/wp-json\/wp\/v2\/pages\/1668\/revisions"}],"predecessor-version":[{"id":2572,"href":"https:\/\/meiloz.com\/de\/wp-json\/wp\/v2\/pages\/1668\/revisions\/2572"}],"wp:attachment":[{"href":"https:\/\/meiloz.com\/de\/wp-json\/wp\/v2\/media?parent=1668"}],"curies":[{"name":"wp","href":"https:\/\/api.w.org\/{rel}","templated":true}]}}