{"id":18,"date":"2024-04-21T09:17:25","date_gmt":"2024-04-21T09:17:25","guid":{"rendered":"https:\/\/meiloz.com\/?page_id=18"},"modified":"2025-07-20T10:17:42","modified_gmt":"2025-07-20T02:17:42","slug":"about","status":"publish","type":"page","link":"https:\/\/meiloz.com\/de\/about\/","title":{"rendered":"\u00dcber"},"content":{"rendered":"<div data-elementor-type=\"wp-page\" data-elementor-id=\"18\" class=\"elementor elementor-18\" data-elementor-post-type=\"page\">\n\t\t\t\t<div class=\"elementor-element elementor-element-ddm7b79 e-flex e-con-boxed e-con e-parent\" data-id=\"ddm7b79\" data-element_type=\"container\" data-e-type=\"container\" data-settings=\"{&quot;background_background&quot;:&quot;classic&quot;}\">\n\t\t\t\t\t<div class=\"e-con-inner\">\n\t\t\t\t<div class=\"elementor-element elementor-element-0d7f101 elementor-widget elementor-widget-woocommerce-breadcrumb\" data-id=\"0d7f101\" data-element_type=\"widget\" data-e-type=\"widget\" data-widget_type=\"woocommerce-breadcrumb.default\">\n\t\t\t\t<div class=\"elementor-widget-container\">\n\t\t\t\t\t<nav class=\"woocommerce-breadcrumb\" aria-label=\"Breadcrumb\" data-no-translation=\"\" data-trp-gettext=\"\">Startseite<\/nav>\t\t\t\t<\/div>\n\t\t\t\t<\/div>\n\t\t\t\t<div class=\"elementor-element elementor-element-b39b7af elementor-widget__width-initial elementor-widget elementor-widget-heading\" data-id=\"b39b7af\" data-element_type=\"widget\" data-e-type=\"widget\" data-widget_type=\"heading.default\">\n\t\t\t\t<div class=\"elementor-widget-container\">\n\t\t\t\t\t<p class=\"elementor-heading-title elementor-size-default\">\u00dcber uns<\/p>\t\t\t\t<\/div>\n\t\t\t\t<\/div>\n\t\t\t\t<div class=\"elementor-element elementor-element-ad5efec elementor-widget__width-initial elementor-widget elementor-widget-heading\" data-id=\"ad5efec\" data-element_type=\"widget\" data-e-type=\"widget\" data-widget_type=\"heading.default\">\n\t\t\t\t<div class=\"elementor-widget-container\">\n\t\t\t\t\t<h1 class=\"elementor-heading-title elementor-size-default\">Ihr zuverl\u00e4ssiger Partner f\u00fcr Gusseisen-Kochgeschirr seit 2015<\/h1>\t\t\t\t<\/div>\n\t\t\t\t<\/div>\n\t\t\t\t\t<\/div>\n\t\t\t\t<\/div>\n\t\t<div class=\"elementor-element elementor-element-4lvndsf e-flex e-con-boxed e-con e-parent\" data-id=\"4lvndsf\" data-element_type=\"container\" data-e-type=\"container\" data-settings=\"{&quot;background_background&quot;:&quot;classic&quot;}\">\n\t\t\t\t\t<div class=\"e-con-inner\">\n\t\t<div class=\"elementor-element elementor-element-8d56ee4 e-con-full e-flex e-con e-child\" data-id=\"8d56ee4\" data-element_type=\"container\" data-e-type=\"container\">\n\t\t<div class=\"elementor-element elementor-element-147497f e-con-full e-flex e-con e-child\" data-id=\"147497f\" data-element_type=\"container\" data-e-type=\"container\">\n\t\t<div class=\"elementor-element elementor-element-070bc93 e-con-full e-flex e-con e-child\" data-id=\"070bc93\" data-element_type=\"container\" data-e-type=\"container\">\n\t\t\t\t<div class=\"elementor-element elementor-element-ada0517 elementor-widget elementor-widget-image\" data-id=\"ada0517\" data-element_type=\"widget\" data-e-type=\"widget\" data-widget_type=\"image.default\">\n\t\t\t\t<div class=\"elementor-widget-container\">\n\t\t\t\t\t\t\t\t\t\t\t\t\t\t\t<img fetchpriority=\"high\" decoding=\"async\" width=\"1320\" height=\"663\" src=\"https:\/\/meiloz.com\/wp-content\/uploads\/2024\/04\/laser.png\" class=\"attachment-full size-full wp-image-377\" alt=\"\" srcset=\"https:\/\/meiloz.com\/wp-content\/uploads\/2024\/04\/laser.png 1320w, https:\/\/meiloz.com\/wp-content\/uploads\/2024\/04\/laser-600x301.png 600w, https:\/\/meiloz.com\/wp-content\/uploads\/2024\/04\/laser-300x151.png 300w, https:\/\/meiloz.com\/wp-content\/uploads\/2024\/04\/laser-1024x514.png 1024w, https:\/\/meiloz.com\/wp-content\/uploads\/2024\/04\/laser-768x386.png 768w\" sizes=\"(max-width: 1320px) 100vw, 1320px\" \/>\t\t\t\t\t\t\t\t\t\t\t\t\t\t\t<\/div>\n\t\t\t\t<\/div>\n\t\t\t\t<\/div>\n\t\t<div class=\"elementor-element elementor-element-c1b2f2d e-con-full e-flex e-con e-child\" data-id=\"c1b2f2d\" data-element_type=\"container\" data-e-type=\"container\">\n\t\t\t\t<div class=\"elementor-element elementor-element-28be568 elementor-widget elementor-widget-heading\" data-id=\"28be568\" data-element_type=\"widget\" data-e-type=\"widget\" data-widget_type=\"heading.default\">\n\t\t\t\t<div class=\"elementor-widget-container\">\n\t\t\t\t\t<h2 class=\"elementor-heading-title elementor-size-default\">Wer wir sind<\/h2>\t\t\t\t<\/div>\n\t\t\t\t<\/div>\n\t\t\t\t<div class=\"elementor-element elementor-element-181daaf elementor-widget elementor-widget-heading\" data-id=\"181daaf\" data-element_type=\"widget\" data-e-type=\"widget\" data-widget_type=\"heading.default\">\n\t\t\t\t<div class=\"elementor-widget-container\">\n\t\t\t\t\t<h2 class=\"elementor-heading-title elementor-size-default\">Entdecken Sie Meiloz: Pioniere f\u00fcr ma\u00dfgeschneiderte K\u00fcchenl\u00f6sungen<\/h2>\t\t\t\t<\/div>\n\t\t\t\t<\/div>\n\t\t\t\t<div class=\"elementor-element elementor-element-f4de923 elementor-widget elementor-widget-text-editor\" data-id=\"f4de923\" data-element_type=\"widget\" data-e-type=\"widget\" data-widget_type=\"text-editor.default\">\n\t\t\t\t<div class=\"elementor-widget-container\">\n\t\t\t\t\t\t\t\t\t<p>Meiloz ist eine f\u00fchrende Marke f\u00fcr K\u00fcchenutensilien mit einer reichen Tradition in der Herstellung von Kochgeschirr, die bis ins Jahr 1996 zur\u00fcckreicht.<\/p><p>Fr\u00fcher konzentrierte sich facotry nur auf Kochgeschirr, und die Kunden brauchten uns immer f\u00fcr die Beschaffung von anderem Zubeh\u00f6r. Wir haben herausgefunden, dass wir in der Lage und gl\u00fccklich sind, unseren Kunden verschiedene Dienstleistungen anzubieten.<\/p><p>Im Laufe der Jahre haben wir unser Angebot erweitert und bieten nun nicht nur Gusseisen-Kochgeschirr und Gusseisen-Emaille-Kochgeschirr an, sondern auch ein umfassendes Sortiment an K\u00fcchenwerkzeugen, Utensilien, Backformen und anderen verwandten K\u00fcchenprodukten.<\/p><p>Durch die Integration der Anforderungen der Lieferkette wird Meiloz zu einem vertrauensw\u00fcrdigen Partner in der K\u00fcchenartikelindustrie.<\/p>\t\t\t\t\t\t\t\t<\/div>\n\t\t\t\t<\/div>\n\t\t\t\t<\/div>\n\t\t\t\t<\/div>\n\t\t<div class=\"elementor-element elementor-element-aa5796e e-con-full e-flex e-con e-child\" data-id=\"aa5796e\" data-element_type=\"container\" data-e-type=\"container\">\n\t\t<div class=\"elementor-element elementor-element-884e89a e-con-full e-flex e-con e-child\" data-id=\"884e89a\" data-element_type=\"container\" data-e-type=\"container\">\n\t\t\t\t<div class=\"elementor-element elementor-element-42141ac elementor-widget elementor-widget-heading\" data-id=\"42141ac\" data-element_type=\"widget\" data-e-type=\"widget\" data-widget_type=\"heading.default\">\n\t\t\t\t<div class=\"elementor-widget-container\">\n\t\t\t\t\t<h2 class=\"elementor-heading-title elementor-size-default\">Unser Auftrag<\/h2>\t\t\t\t<\/div>\n\t\t\t\t<\/div>\n\t\t\t\t<div class=\"elementor-element elementor-element-1e9397a elementor-widget elementor-widget-text-editor\" data-id=\"1e9397a\" data-element_type=\"widget\" data-e-type=\"widget\" data-widget_type=\"text-editor.default\">\n\t\t\t\t<div class=\"elementor-widget-container\">\n\t\t\t\t\t\t\t\t\t<p><strong>Geleitet von Tradition und Innovation<\/strong><\/p>\n<p>Wir verbinden jahrhundertealte Traditionen mit modernen technologischen Fortschritten, um K\u00fcchenger\u00e4te zu schaffen, die den Test der Zeit bestehen. Unsere gew\u00fcrzten und emaillierten Gusseisenst\u00fccke spiegeln unsere Hingabe an die Handwerkskunst und unsere Leidenschaft f\u00fcr das Kochen wider.<\/p>\n<p><strong>Fokussiert auf Kundenerfolg<\/strong><\/p>\n<p>Wir sind bestrebt, die vielf\u00e4ltigen Bed\u00fcrfnisse unserer weltweiten Kundschaft zu verstehen und zu erf\u00fcllen. Durch das Angebot anpassbarer L\u00f6sungen stellen wir sicher, dass unsere Partner ihre Gesch\u00e4ftsziele erreichen, ihr Produktangebot verbessern und ihre Kunden zufriedenstellen k\u00f6nnen.<\/p>\n<p><strong>Engagiert f\u00fcr nachhaltige Praktiken<\/strong><\/p>\n<p>Nachhaltigkeit ist ein wesentlicher Bestandteil unseres betrieblichen Ethos. Wir verpflichten uns, unsere Umweltauswirkungen durch umweltfreundliche Herstellungsverfahren und verantwortungsvolle Beschaffung zu minimieren.&nbsp;<\/p>\t\t\t\t\t\t\t\t<\/div>\n\t\t\t\t<\/div>\n\t\t\t\t<\/div>\n\t\t<div class=\"elementor-element elementor-element-a4186ff e-con-full e-flex e-con e-child\" data-id=\"a4186ff\" data-element_type=\"container\" data-e-type=\"container\">\n\t\t\t\t<div class=\"elementor-element elementor-element-c20208f elementor-widget elementor-widget-image\" data-id=\"c20208f\" data-element_type=\"widget\" data-e-type=\"widget\" data-widget_type=\"image.default\">\n\t\t\t\t<div class=\"elementor-widget-container\">\n\t\t\t\t\t\t\t\t\t\t\t\t\t\t\t<img decoding=\"async\" width=\"1280\" height=\"853\" src=\"https:\/\/meiloz.com\/wp-content\/uploads\/2024\/05\/meeting-brainstorming-business-594091.jpg\" class=\"attachment-full size-full wp-image-507\" alt=\"Sitzung, Brainstorming, Gesch\u00e4ft-594091.jpg\" srcset=\"https:\/\/meiloz.com\/wp-content\/uploads\/2024\/05\/meeting-brainstorming-business-594091.jpg 1280w, https:\/\/meiloz.com\/wp-content\/uploads\/2024\/05\/meeting-brainstorming-business-594091-600x400.jpg 600w, https:\/\/meiloz.com\/wp-content\/uploads\/2024\/05\/meeting-brainstorming-business-594091-300x200.jpg 300w, https:\/\/meiloz.com\/wp-content\/uploads\/2024\/05\/meeting-brainstorming-business-594091-1024x682.jpg 1024w, https:\/\/meiloz.com\/wp-content\/uploads\/2024\/05\/meeting-brainstorming-business-594091-768x512.jpg 768w\" sizes=\"(max-width: 1280px) 100vw, 1280px\" \/>\t\t\t\t\t\t\t\t\t\t\t\t\t\t\t<\/div>\n\t\t\t\t<\/div>\n\t\t\t\t<\/div>\n\t\t\t\t<\/div>\n\t\t\t\t<\/div>\n\t\t\t\t\t<\/div>\n\t\t\t\t<\/div>\n\t\t<div class=\"elementor-element elementor-element-yw8wvs3 e-flex e-con-boxed e-con e-parent\" data-id=\"yw8wvs3\" data-element_type=\"container\" data-e-type=\"container\" data-settings=\"{&quot;background_background&quot;:&quot;classic&quot;}\">\n\t\t\t\t\t<div class=\"e-con-inner\">\n\t\t<div class=\"elementor-element elementor-element-799949e e-con-full e-flex e-con e-child\" data-id=\"799949e\" data-element_type=\"container\" data-e-type=\"container\">\n\t\t\t\t<div class=\"elementor-element elementor-element-615d8ae elementor-widget__width-initial elementor-widget elementor-widget-heading\" data-id=\"615d8ae\" data-element_type=\"widget\" data-e-type=\"widget\" data-widget_type=\"heading.default\">\n\t\t\t\t<div class=\"elementor-widget-container\">\n\t\t\t\t\t<p class=\"elementor-heading-title elementor-size-default\">was uns auszeichnet<\/p>\t\t\t\t<\/div>\n\t\t\t\t<\/div>\n\t\t\t\t<div class=\"elementor-element elementor-element-302ea05 elementor-widget elementor-widget-heading\" data-id=\"302ea05\" data-element_type=\"widget\" data-e-type=\"widget\" data-widget_type=\"heading.default\">\n\t\t\t\t<div class=\"elementor-widget-container\">\n\t\t\t\t\t<h2 class=\"elementor-heading-title elementor-size-default\">Die Werte, mit denen Sie bei uns arbeiten<\/h2>\t\t\t\t<\/div>\n\t\t\t\t<\/div>\n\t\t\t\t<\/div>\n\t\t<div class=\"elementor-element elementor-element-197e30f e-con-full e-flex e-con e-child\" data-id=\"197e30f\" data-element_type=\"container\" data-e-type=\"container\">\n\t\t<div class=\"elementor-element elementor-element-f46ae64 e-flex e-con-boxed e-con e-child\" data-id=\"f46ae64\" data-element_type=\"container\" data-e-type=\"container\">\n\t\t\t\t\t<div class=\"e-con-inner\">\n\t\t\t\t<div class=\"elementor-element elementor-element-0199248 elementor-widget elementor-widget-image-box\" data-id=\"0199248\" data-element_type=\"widget\" data-e-type=\"widget\" data-widget_type=\"image-box.default\">\n\t\t\t\t<div class=\"elementor-widget-container\">\n\t\t\t\t\t<div class=\"elementor-image-box-wrapper\"><div class=\"elementor-image-box-content\"><h3 class=\"elementor-image-box-title\">Individuelle Anpassung an Ihre Vision<\/h3><p class=\"elementor-image-box-description\">wir wissen, dass jedes Unternehmen seine eigenen Bed\u00fcrfnisse hat. Deshalb bieten wir umfassende Anpassungsm\u00f6glichkeiten f\u00fcr unsere gesamte Produktpalette. Von Gr\u00f6\u00dfe und Form bis hin zu Farbe und Ausf\u00fchrung - unsere F\u00e4higkeit, Produkte individuell zu gestalten, gew\u00e4hrleistet, dass Sie die perfekte L\u00f6sung f\u00fcr die \u00e4sthetischen und funktionalen Anforderungen Ihrer Marke finden. Erleben Sie die Freiheit, K\u00fcchenger\u00e4te zu entwerfen, die Ihren spezifischen kulinarischen Vorstellungen entsprechen.<\/p><\/div><\/div>\t\t\t\t<\/div>\n\t\t\t\t<\/div>\n\t\t\t\t\t<\/div>\n\t\t\t\t<\/div>\n\t\t<div class=\"elementor-element elementor-element-a6305bb e-flex e-con-boxed e-con e-child\" data-id=\"a6305bb\" data-element_type=\"container\" data-e-type=\"container\">\n\t\t\t\t\t<div class=\"e-con-inner\">\n\t\t\t\t<div class=\"elementor-element elementor-element-e3f0f83 elementor-widget elementor-widget-image-box\" data-id=\"e3f0f83\" data-element_type=\"widget\" data-e-type=\"widget\" data-widget_type=\"image-box.default\">\n\t\t\t\t<div class=\"elementor-widget-container\">\n\t\t\t\t\t<div class=\"elementor-image-box-wrapper\"><div class=\"elementor-image-box-content\"><h3 class=\"elementor-image-box-title\">Globale Beschaffungsmacht<\/h3><p class=\"elementor-image-box-description\">Nutzen Sie unser bew\u00e4hrtes Know-how in der globalen Lieferkette, um Ihr Produktangebot zu erweitern. Meiloz verf\u00fcgt \u00fcber ein starkes Netzwerk in mehreren L\u00e4ndern, das es uns erm\u00f6glicht, die besten Materialien zu beschaffen und K\u00fcchenger\u00e4te herzustellen, die den internationalen Sicherheits- und Qualit\u00e4tsstandards entsprechen. Mit Meiloz gewinnen Sie einen Partner, der Ihren Wettbewerbsvorteil auf dem Markt st\u00e4rkt und daf\u00fcr sorgt, dass Sie immer einen Schritt voraus sind.<\/p><\/div><\/div>\t\t\t\t<\/div>\n\t\t\t\t<\/div>\n\t\t\t\t\t<\/div>\n\t\t\t\t<\/div>\n\t\t\t\t<\/div>\n\t\t\t\t\t<\/div>\n\t\t\t\t<\/div>\n\t\t<div class=\"elementor-element elementor-element-ecbeb1a e-flex e-con-boxed e-con e-parent\" data-id=\"ecbeb1a\" data-element_type=\"container\" data-e-type=\"container\" data-settings=\"{&quot;background_background&quot;:&quot;classic&quot;}\">\n\t\t\t\t\t<div class=\"e-con-inner\">\n\t\t<div class=\"elementor-element elementor-element-f227425 e-con-full e-flex e-con e-child\" data-id=\"f227425\" data-element_type=\"container\" data-e-type=\"container\">\n\t\t\t\t<div class=\"elementor-element elementor-element-f0e4b36 elementor-widget elementor-widget-heading\" data-id=\"f0e4b36\" data-element_type=\"widget\" data-e-type=\"widget\" data-widget_type=\"heading.default\">\n\t\t\t\t<div class=\"elementor-widget-container\">\n\t\t\t\t\t<h2 class=\"elementor-heading-title elementor-size-default\">Lassen Sie Meiloz noch heute Ihr Gesch\u00e4ft ankurbeln!<\/h2>\t\t\t\t<\/div>\n\t\t\t\t<\/div>\n\t\t\t\t<div class=\"elementor-element elementor-element-f399d19 elementor-widget elementor-widget-text-editor\" data-id=\"f399d19\" data-element_type=\"widget\" data-e-type=\"widget\" data-widget_type=\"text-editor.default\">\n\t\t\t\t<div class=\"elementor-widget-container\">\n\t\t\t\t\t\t\t\t\t<p><span style=\"font-weight: 400;\">Schlie\u00dfen Sie sich unserem globalen Netzwerk an, um hochwertiges, individuell anpassbares Gusseisen-Kochgeschirr anzubieten. Die Vorteile umfassen:<\/span><\/p><ul><li style=\"font-weight: 400;\" aria-level=\"1\"><span style=\"font-weight: 400;\">Vielf\u00e4ltige Produkte f\u00fcr Gastronomie, Einzelhandel und Geschenkartikel.<\/span><\/li><li style=\"font-weight: 400;\" aria-level=\"1\"><span style=\"font-weight: 400;\">Wettbewerbsf\u00e4hige Preise mit Mengenrabatten.<\/span><\/li><li style=\"font-weight: 400;\" aria-level=\"1\"><span style=\"font-weight: 400;\">Mehrsprachige Marketingunterst\u00fctzung.<\/span><\/li><li style=\"font-weight: 400;\" aria-level=\"1\"><span style=\"font-weight: 400;\">Zuverl\u00e4ssige Lieferung innerhalb von 35-55 Tagen.<\/span><\/li><\/ul><p><span style=\"font-weight: 400;\">Arbeiten Sie mit Meiloz zusammen, um Ihr Gesch\u00e4ft auszubauen!<\/span><\/p>\t\t\t\t\t\t\t\t<\/div>\n\t\t\t\t<\/div>\n\t\t\t\t<\/div>\n\t\t<div class=\"elementor-element elementor-element-3dac538 e-con-full e-flex e-con e-child\" data-id=\"3dac538\" data-element_type=\"container\" data-e-type=\"container\" data-settings=\"{&quot;background_background&quot;:&quot;classic&quot;}\">\n\t\t\t\t<div class=\"elementor-element elementor-element-ac3460f elementor-button-align-center elementor-widget elementor-widget-form\" data-id=\"ac3460f\" data-element_type=\"widget\" data-e-type=\"widget\" data-settings=\"{&quot;step_next_label&quot;:&quot;Next&quot;,&quot;step_previous_label&quot;:&quot;Previous&quot;,&quot;button_width&quot;:&quot;100&quot;,&quot;step_type&quot;:&quot;number_text&quot;,&quot;step_icon_shape&quot;:&quot;circle&quot;}\" data-widget_type=\"form.default\">\n\t\t\t\t<div class=\"elementor-widget-container\">\n\t\t\t\t\t\t\t<form class=\"elementor-form\" method=\"post\" name=\"New Form\" aria-label=\"Neues Formular\" action=\"\">\n\t\t\t<input type=\"hidden\" name=\"post_id\" value=\"18\"\/>\n\t\t\t<input type=\"hidden\" name=\"form_id\" value=\"ac3460f\"\/>\n\t\t\t<input type=\"hidden\" name=\"referer_title\" value=\"\" \/>\n\n\t\t\t\n\t\t\t<div class=\"elementor-form-fields-wrapper elementor-labels-above\">\n\t\t\t\t\t\t\t\t<div class=\"elementor-field-type-text elementor-field-group elementor-column elementor-field-group-name elementor-col-100\">\n\t\t\t\t\t\t\t\t\t\t\t\t<label for=\"form-field-name\" class=\"elementor-field-label\">\n\t\t\t\t\t\t\t\tName\t\t\t\t\t\t\t<\/label>\n\t\t\t\t\t\t\t\t\t\t\t\t\t\t<input size=\"1\" type=\"text\" name=\"form_fields[name]\" id=\"form-field-name\" class=\"elementor-field elementor-size-sm  elementor-field-textual\" placeholder=\"Name\">\n\t\t\t\t\t\t\t\t\t\t\t<\/div>\n\t\t\t\t\t\t\t\t<div class=\"elementor-field-type-email elementor-field-group elementor-column elementor-field-group-email elementor-col-100 elementor-field-required\">\n\t\t\t\t\t\t\t\t\t\t\t\t<label for=\"form-field-email\" class=\"elementor-field-label\">\n\t\t\t\t\t\t\t\tE-Mail\t\t\t\t\t\t\t<\/label>\n\t\t\t\t\t\t\t\t\t\t\t\t\t\t<input size=\"1\" type=\"email\" name=\"form_fields[email]\" id=\"form-field-email\" class=\"elementor-field elementor-size-sm  elementor-field-textual\" placeholder=\"E-Mail\" required=\"required\">\n\t\t\t\t\t\t\t\t\t\t\t<\/div>\n\t\t\t\t\t\t\t\t<div class=\"elementor-field-type-textarea elementor-field-group elementor-column elementor-field-group-message elementor-col-100\">\n\t\t\t\t\t\t\t\t\t\t\t\t<label for=\"form-field-message\" class=\"elementor-field-label\">\n\t\t\t\t\t\t\t\tNachricht\t\t\t\t\t\t\t<\/label>\n\t\t\t\t\t\t<textarea class=\"elementor-field-textual elementor-field  elementor-size-sm\" name=\"form_fields[message]\" id=\"form-field-message\" rows=\"4\" placeholder=\"Nachricht\"><\/textarea>\t\t\t\t<\/div>\n\t\t\t\t\t\t\t\t<div class=\"elementor-field-group elementor-column elementor-field-type-submit elementor-col-100 e-form__buttons\">\n\t\t\t\t\t<button class=\"elementor-button elementor-size-lg\" type=\"submit\">\n\t\t\t\t\t\t<span class=\"elementor-button-content-wrapper\">\n\t\t\t\t\t\t\t\t\t\t\t\t\t\t\t\t\t\t\t\t\t\t<span class=\"elementor-button-text\">Senden Sie<\/span>\n\t\t\t\t\t\t\t\t\t\t\t\t\t<\/span>\n\t\t\t\t\t<\/button>\n\t\t\t\t<\/div>\n\t\t\t<\/div>\n\t\t<input type=\"hidden\" name=\"trp-form-language\" value=\"de\"\/><\/form>\n\t\t\t\t\t\t<\/div>\n\t\t\t\t<\/div>\n\t\t\t\t<\/div>\n\t\t\t\t\t<\/div>\n\t\t\t\t<\/div>\n\t\t\t\t<\/div>","protected":false},"excerpt":{"rendered":"<p>\u00dcber uns Ihr zuverl\u00e4ssiger Partner f\u00fcr gusseisernes Kochgeschirr seit 2015 Wer wir sind Entdecken Sie Meiloz: Pioniere f\u00fcr ma\u00dfgeschneiderte K\u00fcchenl\u00f6sungen Meiloz ist eine f\u00fchrende K\u00fcchenmarke mit einer reichen Tradition in der Herstellung von Kochgeschirr, die bis ins Jahr 1996 zur\u00fcckreicht. Fr\u00fcher konzentrierte sich das Unternehmen nur auf Kochgeschirr, und die Kunden brauchten uns immer, um anderes Zubeh\u00f6r zu beschaffen.<\/p>","protected":false},"author":1,"featured_media":0,"parent":0,"menu_order":0,"comment_status":"closed","ping_status":"closed","template":"","meta":{"footnotes":""},"class_list":["post-18","page","type-page","status-publish","hentry"],"_links":{"self":[{"href":"https:\/\/meiloz.com\/de\/wp-json\/wp\/v2\/pages\/18","targetHints":{"allow":["GET"]}}],"collection":[{"href":"https:\/\/meiloz.com\/de\/wp-json\/wp\/v2\/pages"}],"about":[{"href":"https:\/\/meiloz.com\/de\/wp-json\/wp\/v2\/types\/page"}],"author":[{"embeddable":true,"href":"https:\/\/meiloz.com\/de\/wp-json\/wp\/v2\/users\/1"}],"replies":[{"embeddable":true,"href":"https:\/\/meiloz.com\/de\/wp-json\/wp\/v2\/comments?post=18"}],"version-history":[{"count":47,"href":"https:\/\/meiloz.com\/de\/wp-json\/wp\/v2\/pages\/18\/revisions"}],"predecessor-version":[{"id":3237,"href":"https:\/\/meiloz.com\/de\/wp-json\/wp\/v2\/pages\/18\/revisions\/3237"}],"wp:attachment":[{"href":"https:\/\/meiloz.com\/de\/wp-json\/wp\/v2\/media?parent=18"}],"curies":[{"name":"wp","href":"https:\/\/api.w.org\/{rel}","templated":true}]}}