{"id":2725,"date":"2025-03-11T21:17:46","date_gmt":"2025-03-11T13:17:46","guid":{"rendered":"https:\/\/meiloz.com\/?page_id=2725"},"modified":"2025-03-11T21:17:53","modified_gmt":"2025-03-11T13:17:53","slug":"author","status":"publish","type":"page","link":"https:\/\/meiloz.com\/de\/author\/","title":{"rendered":"author"},"content":{"rendered":"<div data-elementor-type=\"wp-page\" data-elementor-id=\"2725\" class=\"elementor elementor-2725\" data-elementor-post-type=\"page\">\n\t\t\t\t<div class=\"elementor-element elementor-element-4765b52 e-flex e-con-boxed e-con e-parent\" data-id=\"4765b52\" data-element_type=\"container\" data-e-type=\"container\" data-settings=\"{&quot;background_background&quot;:&quot;classic&quot;}\">\n\t\t\t\t\t<div class=\"e-con-inner\">\n\t\t\t\t\t<\/div>\n\t\t\t\t<\/div>\n\t\t<div class=\"elementor-element elementor-element-6d5e0f4 e-flex e-con-boxed e-con e-parent\" data-id=\"6d5e0f4\" data-element_type=\"container\" data-e-type=\"container\">\n\t\t\t\t\t<div class=\"e-con-inner\">\n\t\t\t\t<div class=\"elementor-element elementor-element-9fc9b0e elementor-author-box--link-yes elementor-author-box--layout-image-left elementor-author-box--align-left elementor-author-box--avatar-yes elementor-author-box--name-yes elementor-author-box--biography-yes elementor-widget elementor-widget-author-box\" data-id=\"9fc9b0e\" data-element_type=\"widget\" data-e-type=\"widget\" data-widget_type=\"author-box.default\">\n\t\t\t\t<div class=\"elementor-widget-container\">\n\t\t\t\t\t\t\t<div class=\"elementor-author-box\">\n\t\t\t\t\t\t\t<a href=\"https:\/\/meiloz.com\/de\/author\/meiloz-com\/\" class=\"elementor-author-box__avatar\">\n\t\t\t\t\t<img decoding=\"async\" src=\"https:\/\/meiloz.com\/wp-content\/uploads\/2025\/02\/WechatIMG11-scaled.jpg\" alt=\"Picture of weny\" loading=\"lazy\">\n\t\t\t\t<\/a>\n\t\t\t\n\t\t\t<div class=\"elementor-author-box__text\">\n\t\t\t\t\t\t\t\t\t<a href=\"https:\/\/meiloz.com\/de\/author\/meiloz-com\/\">\n\t\t\t\t\t\t<h4 class=\"elementor-author-box__name\">\n\t\t\t\t\t\t\tweni\t\t\t\t\t\t<\/h4>\n\t\t\t\t\t<\/a>\n\t\t\t\t\n\t\t\t\t\t\t\t\t\t<div class=\"elementor-author-box__bio\">\n\t\t\t\t\t\tHallo, ich bin Weny, der Gr\u00fcnder von Meiloz.com. Mit einem Jahrzehnt Erfahrung auf dem globalen Markt f\u00fcr K\u00fcchenger\u00e4te habe ich mich auf die Beschaffung und Anpassung von Gusseisen-Kochgeschirr f\u00fcr unsere Kunden spezialisiert. Ganz gleich, ob Sie Ihre eigene Marke kreieren oder Produkte an Ihre speziellen Bed\u00fcrfnisse anpassen m\u00f6chten, ich bin f\u00fcr Sie da und helfe Ihnen bei jedem Schritt des Weges. Wenden Sie sich an mich, wenn Sie individuelle Beschaffungsl\u00f6sungen und Produktanpassungen ben\u00f6tigen!\t\t\t\t\t<\/div>\n\t\t\t\t\n\t\t\t\t\t\t\t\t\t<a class=\"elementor-author-box__button elementor-button elementor-size-xs\" href=\"https:\/\/meiloz.com\/de\/author\/meiloz-com\/\">\n\t\t\t\t\t\tAlle Beitr\u00e4ge\t\t\t\t\t<\/a>\n\t\t\t\t\t\t\t<\/div>\n\t\t<\/div>\n\t\t\t\t\t\t<\/div>\n\t\t\t\t<\/div>\n\t\t\t\t\t<\/div>\n\t\t\t\t<\/div>\n\t\t\t\t<\/div>","protected":false},"excerpt":{"rendered":"","protected":false},"author":1,"featured_media":0,"parent":0,"menu_order":0,"comment_status":"closed","ping_status":"closed","template":"","meta":{"footnotes":""},"class_list":["post-2725","page","type-page","status-publish","hentry"],"_links":{"self":[{"href":"https:\/\/meiloz.com\/de\/wp-json\/wp\/v2\/pages\/2725","targetHints":{"allow":["GET"]}}],"collection":[{"href":"https:\/\/meiloz.com\/de\/wp-json\/wp\/v2\/pages"}],"about":[{"href":"https:\/\/meiloz.com\/de\/wp-json\/wp\/v2\/types\/page"}],"author":[{"embeddable":true,"href":"https:\/\/meiloz.com\/de\/wp-json\/wp\/v2\/users\/1"}],"replies":[{"embeddable":true,"href":"https:\/\/meiloz.com\/de\/wp-json\/wp\/v2\/comments?post=2725"}],"version-history":[{"count":4,"href":"https:\/\/meiloz.com\/de\/wp-json\/wp\/v2\/pages\/2725\/revisions"}],"predecessor-version":[{"id":2732,"href":"https:\/\/meiloz.com\/de\/wp-json\/wp\/v2\/pages\/2725\/revisions\/2732"}],"wp:attachment":[{"href":"https:\/\/meiloz.com\/de\/wp-json\/wp\/v2\/media?parent=2725"}],"curies":[{"name":"wp","href":"https:\/\/api.w.org\/{rel}","templated":true}]}}