{"id":18,"date":"2024-04-21T09:17:25","date_gmt":"2024-04-21T09:17:25","guid":{"rendered":"https:\/\/meiloz.com\/?page_id=18"},"modified":"2025-07-20T10:17:42","modified_gmt":"2025-07-20T02:17:42","slug":"about","status":"publish","type":"page","link":"https:\/\/meiloz.com\/es\/about\/","title":{"rendered":"Acerca de"},"content":{"rendered":"<div data-elementor-type=\"wp-page\" data-elementor-id=\"18\" class=\"elementor elementor-18\" data-elementor-post-type=\"page\">\n\t\t\t\t<div class=\"elementor-element elementor-element-ddm7b79 e-flex e-con-boxed e-con e-parent\" data-id=\"ddm7b79\" data-element_type=\"container\" data-e-type=\"container\" data-settings=\"{&quot;background_background&quot;:&quot;classic&quot;}\">\n\t\t\t\t\t<div class=\"e-con-inner\">\n\t\t\t\t<div class=\"elementor-element elementor-element-0d7f101 elementor-widget elementor-widget-woocommerce-breadcrumb\" data-id=\"0d7f101\" data-element_type=\"widget\" data-e-type=\"widget\" data-widget_type=\"woocommerce-breadcrumb.default\">\n\t\t\t\t<div class=\"elementor-widget-container\">\n\t\t\t\t\t<nav class=\"woocommerce-breadcrumb\" aria-label=\"Breadcrumb\" data-no-translation=\"\" data-trp-gettext=\"\">Inicio<\/nav>\t\t\t\t<\/div>\n\t\t\t\t<\/div>\n\t\t\t\t<div class=\"elementor-element elementor-element-b39b7af elementor-widget__width-initial elementor-widget elementor-widget-heading\" data-id=\"b39b7af\" data-element_type=\"widget\" data-e-type=\"widget\" data-widget_type=\"heading.default\">\n\t\t\t\t<div class=\"elementor-widget-container\">\n\t\t\t\t\t<p class=\"elementor-heading-title elementor-size-default\">Qui\u00e9nes somos<\/p>\t\t\t\t<\/div>\n\t\t\t\t<\/div>\n\t\t\t\t<div class=\"elementor-element elementor-element-ad5efec elementor-widget__width-initial elementor-widget elementor-widget-heading\" data-id=\"ad5efec\" data-element_type=\"widget\" data-e-type=\"widget\" data-widget_type=\"heading.default\">\n\t\t\t\t<div class=\"elementor-widget-container\">\n\t\t\t\t\t<h1 class=\"elementor-heading-title elementor-size-default\">Su socio de confianza en utensilios de cocina de hierro fundido desde 2015<\/h1>\t\t\t\t<\/div>\n\t\t\t\t<\/div>\n\t\t\t\t\t<\/div>\n\t\t\t\t<\/div>\n\t\t<div class=\"elementor-element elementor-element-4lvndsf e-flex e-con-boxed e-con e-parent\" data-id=\"4lvndsf\" data-element_type=\"container\" data-e-type=\"container\" data-settings=\"{&quot;background_background&quot;:&quot;classic&quot;}\">\n\t\t\t\t\t<div class=\"e-con-inner\">\n\t\t<div class=\"elementor-element elementor-element-8d56ee4 e-con-full e-flex e-con e-child\" data-id=\"8d56ee4\" data-element_type=\"container\" data-e-type=\"container\">\n\t\t<div class=\"elementor-element elementor-element-147497f e-con-full e-flex e-con e-child\" data-id=\"147497f\" data-element_type=\"container\" data-e-type=\"container\">\n\t\t<div class=\"elementor-element elementor-element-070bc93 e-con-full e-flex e-con e-child\" data-id=\"070bc93\" data-element_type=\"container\" data-e-type=\"container\">\n\t\t\t\t<div class=\"elementor-element elementor-element-ada0517 elementor-widget elementor-widget-image\" data-id=\"ada0517\" data-element_type=\"widget\" data-e-type=\"widget\" data-widget_type=\"image.default\">\n\t\t\t\t<div class=\"elementor-widget-container\">\n\t\t\t\t\t\t\t\t\t\t\t\t\t\t\t<img fetchpriority=\"high\" decoding=\"async\" width=\"1320\" height=\"663\" src=\"https:\/\/meiloz.com\/wp-content\/uploads\/2024\/04\/laser.png\" class=\"attachment-full size-full wp-image-377\" alt=\"\" srcset=\"https:\/\/meiloz.com\/wp-content\/uploads\/2024\/04\/laser.png 1320w, https:\/\/meiloz.com\/wp-content\/uploads\/2024\/04\/laser-600x301.png 600w, https:\/\/meiloz.com\/wp-content\/uploads\/2024\/04\/laser-300x151.png 300w, https:\/\/meiloz.com\/wp-content\/uploads\/2024\/04\/laser-1024x514.png 1024w, https:\/\/meiloz.com\/wp-content\/uploads\/2024\/04\/laser-768x386.png 768w\" sizes=\"(max-width: 1320px) 100vw, 1320px\" \/>\t\t\t\t\t\t\t\t\t\t\t\t\t\t\t<\/div>\n\t\t\t\t<\/div>\n\t\t\t\t<\/div>\n\t\t<div class=\"elementor-element elementor-element-c1b2f2d e-con-full e-flex e-con e-child\" data-id=\"c1b2f2d\" data-element_type=\"container\" data-e-type=\"container\">\n\t\t\t\t<div class=\"elementor-element elementor-element-28be568 elementor-widget elementor-widget-heading\" data-id=\"28be568\" data-element_type=\"widget\" data-e-type=\"widget\" data-widget_type=\"heading.default\">\n\t\t\t\t<div class=\"elementor-widget-container\">\n\t\t\t\t\t<h2 class=\"elementor-heading-title elementor-size-default\">Qui\u00e9nes somos<\/h2>\t\t\t\t<\/div>\n\t\t\t\t<\/div>\n\t\t\t\t<div class=\"elementor-element elementor-element-181daaf elementor-widget elementor-widget-heading\" data-id=\"181daaf\" data-element_type=\"widget\" data-e-type=\"widget\" data-widget_type=\"heading.default\">\n\t\t\t\t<div class=\"elementor-widget-container\">\n\t\t\t\t\t<h2 class=\"elementor-heading-title elementor-size-default\">Descubra Meiloz: Pioneros en soluciones de menaje de cocina a medida<\/h2>\t\t\t\t<\/div>\n\t\t\t\t<\/div>\n\t\t\t\t<div class=\"elementor-element elementor-element-f4de923 elementor-widget elementor-widget-text-editor\" data-id=\"f4de923\" data-element_type=\"widget\" data-e-type=\"widget\" data-widget_type=\"text-editor.default\">\n\t\t\t\t<div class=\"elementor-widget-container\">\n\t\t\t\t\t\t\t\t\t<p>Meiloz es una marca de utensilios de cocina de primera clase con una rica herencia en la fabricaci\u00f3n de utensilios de cocina que se remonta a 1996.<\/p><p>Antes, facotry s\u00f3lo se centran en utensilios de cocina, y los clientes siempre nos necesitan abastecimiento de otros accesorios relacionados, nos damos cuenta de que tenemos la capacidad y feliz de dar a nuestros clientes m\u00e1s servicios diferentes.<\/p><p>A lo largo de los a\u00f1os, hemos ampliado nuestra oferta para incluir no s\u00f3lo utensilios de cocina de hierro fundido sazonados y utensilios de cocina de hierro fundido esmaltados, sino tambi\u00e9n una amplia gama de utensilios de cocina, utensilios, utensilios para hornear y otros productos de cocina relacionados.<\/p><p>Al integrar las demandas de la cadena de suministro, Meiloz se convierte en un socio de confianza en el sector del menaje de cocina.<\/p>\t\t\t\t\t\t\t\t<\/div>\n\t\t\t\t<\/div>\n\t\t\t\t<\/div>\n\t\t\t\t<\/div>\n\t\t<div class=\"elementor-element elementor-element-aa5796e e-con-full e-flex e-con e-child\" data-id=\"aa5796e\" data-element_type=\"container\" data-e-type=\"container\">\n\t\t<div class=\"elementor-element elementor-element-884e89a e-con-full e-flex e-con e-child\" data-id=\"884e89a\" data-element_type=\"container\" data-e-type=\"container\">\n\t\t\t\t<div class=\"elementor-element elementor-element-42141ac elementor-widget elementor-widget-heading\" data-id=\"42141ac\" data-element_type=\"widget\" data-e-type=\"widget\" data-widget_type=\"heading.default\">\n\t\t\t\t<div class=\"elementor-widget-container\">\n\t\t\t\t\t<h2 class=\"elementor-heading-title elementor-size-default\">Nuestra misi\u00f3n<\/h2>\t\t\t\t<\/div>\n\t\t\t\t<\/div>\n\t\t\t\t<div class=\"elementor-element elementor-element-1e9397a elementor-widget elementor-widget-text-editor\" data-id=\"1e9397a\" data-element_type=\"widget\" data-e-type=\"widget\" data-widget_type=\"text-editor.default\">\n\t\t\t\t<div class=\"elementor-widget-container\">\n\t\t\t\t\t\t\t\t\t<p><strong>Guiados por la tradici\u00f3n y la innovaci\u00f3n<\/strong><\/p>\n<p>Combinamos tradiciones centenarias con modernos avances tecnol\u00f3gicos para crear utensilios de cocina que resistan el paso del tiempo. Nuestras piezas de hierro fundido sazonado y esmaltado reflejan nuestra dedicaci\u00f3n a la artesan\u00eda y nuestra pasi\u00f3n por la cocina.<\/p>\n<p><strong>Centrados en el \u00e9xito del cliente<\/strong><\/p>\n<p>Nos esforzamos por comprender y satisfacer las diversas necesidades de nuestra clientela mundial. Al ofrecer soluciones personalizables, nos aseguramos de que nuestros socios puedan alcanzar sus objetivos empresariales, mejorando su oferta de productos y satisfaciendo a sus clientes.<\/p>\n<p><strong>Dedicados a las pr\u00e1cticas sostenibles<\/strong><\/p>\n<p>La sostenibilidad es parte integrante de nuestra \u00e9tica operativa. Nos comprometemos a minimizar nuestro impacto ambiental mediante procesos de fabricaci\u00f3n respetuosos con el medio ambiente y un abastecimiento responsable.&nbsp;<\/p>\t\t\t\t\t\t\t\t<\/div>\n\t\t\t\t<\/div>\n\t\t\t\t<\/div>\n\t\t<div class=\"elementor-element elementor-element-a4186ff e-con-full e-flex e-con e-child\" data-id=\"a4186ff\" data-element_type=\"container\" data-e-type=\"container\">\n\t\t\t\t<div class=\"elementor-element elementor-element-c20208f elementor-widget elementor-widget-image\" data-id=\"c20208f\" data-element_type=\"widget\" data-e-type=\"widget\" data-widget_type=\"image.default\">\n\t\t\t\t<div class=\"elementor-widget-container\">\n\t\t\t\t\t\t\t\t\t\t\t\t\t\t\t<img decoding=\"async\" width=\"1280\" height=\"853\" src=\"https:\/\/meiloz.com\/wp-content\/uploads\/2024\/05\/meeting-brainstorming-business-594091.jpg\" class=\"attachment-full size-full wp-image-507\" alt=\"reunion, lluvia de ideas, negocios-594091.jpg\" srcset=\"https:\/\/meiloz.com\/wp-content\/uploads\/2024\/05\/meeting-brainstorming-business-594091.jpg 1280w, https:\/\/meiloz.com\/wp-content\/uploads\/2024\/05\/meeting-brainstorming-business-594091-600x400.jpg 600w, https:\/\/meiloz.com\/wp-content\/uploads\/2024\/05\/meeting-brainstorming-business-594091-300x200.jpg 300w, https:\/\/meiloz.com\/wp-content\/uploads\/2024\/05\/meeting-brainstorming-business-594091-1024x682.jpg 1024w, https:\/\/meiloz.com\/wp-content\/uploads\/2024\/05\/meeting-brainstorming-business-594091-768x512.jpg 768w\" sizes=\"(max-width: 1280px) 100vw, 1280px\" \/>\t\t\t\t\t\t\t\t\t\t\t\t\t\t\t<\/div>\n\t\t\t\t<\/div>\n\t\t\t\t<\/div>\n\t\t\t\t<\/div>\n\t\t\t\t<\/div>\n\t\t\t\t\t<\/div>\n\t\t\t\t<\/div>\n\t\t<div class=\"elementor-element elementor-element-yw8wvs3 e-flex e-con-boxed e-con e-parent\" data-id=\"yw8wvs3\" data-element_type=\"container\" data-e-type=\"container\" data-settings=\"{&quot;background_background&quot;:&quot;classic&quot;}\">\n\t\t\t\t\t<div class=\"e-con-inner\">\n\t\t<div class=\"elementor-element elementor-element-799949e e-con-full e-flex e-con e-child\" data-id=\"799949e\" data-element_type=\"container\" data-e-type=\"container\">\n\t\t\t\t<div class=\"elementor-element elementor-element-615d8ae elementor-widget__width-initial elementor-widget elementor-widget-heading\" data-id=\"615d8ae\" data-element_type=\"widget\" data-e-type=\"widget\" data-widget_type=\"heading.default\">\n\t\t\t\t<div class=\"elementor-widget-container\">\n\t\t\t\t\t<p class=\"elementor-heading-title elementor-size-default\">lo que nos diferencia<\/p>\t\t\t\t<\/div>\n\t\t\t\t<\/div>\n\t\t\t\t<div class=\"elementor-element elementor-element-302ea05 elementor-widget elementor-widget-heading\" data-id=\"302ea05\" data-element_type=\"widget\" data-e-type=\"widget\" data-widget_type=\"heading.default\">\n\t\t\t\t<div class=\"elementor-widget-container\">\n\t\t\t\t\t<h2 class=\"elementor-heading-title elementor-size-default\">Los valores que trabajan con nosotros<\/h2>\t\t\t\t<\/div>\n\t\t\t\t<\/div>\n\t\t\t\t<\/div>\n\t\t<div class=\"elementor-element elementor-element-197e30f e-con-full e-flex e-con e-child\" data-id=\"197e30f\" data-element_type=\"container\" data-e-type=\"container\">\n\t\t<div class=\"elementor-element elementor-element-f46ae64 e-flex e-con-boxed e-con e-child\" data-id=\"f46ae64\" data-element_type=\"container\" data-e-type=\"container\">\n\t\t\t\t\t<div class=\"e-con-inner\">\n\t\t\t\t<div class=\"elementor-element elementor-element-0199248 elementor-widget elementor-widget-image-box\" data-id=\"0199248\" data-element_type=\"widget\" data-e-type=\"widget\" data-widget_type=\"image-box.default\">\n\t\t\t\t<div class=\"elementor-widget-container\">\n\t\t\t\t\t<div class=\"elementor-image-box-wrapper\"><div class=\"elementor-image-box-content\"><h3 class=\"elementor-image-box-title\">Personalizaci\u00f3n para adaptarse a su visi\u00f3n<\/h3><p class=\"elementor-image-box-description\">Entendemos que cada empresa tiene necesidades \u00fanicas. Por eso ofrecemos amplias opciones de personalizaci\u00f3n en toda nuestra gama de productos. Desde el tama\u00f1o y la forma hasta el color y el acabado, nuestra capacidad para adaptar los productos garantiza que pueda encontrar la combinaci\u00f3n perfecta para los requisitos est\u00e9ticos y funcionales de su marca. Experimente la libertad de dise\u00f1ar utensilios de cocina que se adapten a su visi\u00f3n culinaria espec\u00edfica.<\/p><\/div><\/div>\t\t\t\t<\/div>\n\t\t\t\t<\/div>\n\t\t\t\t\t<\/div>\n\t\t\t\t<\/div>\n\t\t<div class=\"elementor-element elementor-element-a6305bb e-flex e-con-boxed e-con e-child\" data-id=\"a6305bb\" data-element_type=\"container\" data-e-type=\"container\">\n\t\t\t\t\t<div class=\"e-con-inner\">\n\t\t\t\t<div class=\"elementor-element elementor-element-e3f0f83 elementor-widget elementor-widget-image-box\" data-id=\"e3f0f83\" data-element_type=\"widget\" data-e-type=\"widget\" data-widget_type=\"image-box.default\">\n\t\t\t\t<div class=\"elementor-widget-container\">\n\t\t\t\t\t<div class=\"elementor-image-box-wrapper\"><div class=\"elementor-image-box-content\"><h3 class=\"elementor-image-box-title\">Poder de aprovisionamiento mundial<\/h3><p class=\"elementor-image-box-description\">Aproveche nuestra consolidada experiencia en la cadena de suministro mundial para enriquecer su oferta de productos. Meiloz cuenta con una s\u00f3lida red en varios pa\u00edses, lo que nos permite obtener los mejores materiales y fabricar utensilios de cocina que cumplen las normas internacionales de seguridad y calidad. Con Meiloz, usted gana un socio que mejora su ventaja competitiva en el mercado, asegurando que siempre se mantenga a la vanguardia.<\/p><\/div><\/div>\t\t\t\t<\/div>\n\t\t\t\t<\/div>\n\t\t\t\t\t<\/div>\n\t\t\t\t<\/div>\n\t\t\t\t<\/div>\n\t\t\t\t\t<\/div>\n\t\t\t\t<\/div>\n\t\t<div class=\"elementor-element elementor-element-ecbeb1a e-flex e-con-boxed e-con e-parent\" data-id=\"ecbeb1a\" data-element_type=\"container\" data-e-type=\"container\" data-settings=\"{&quot;background_background&quot;:&quot;classic&quot;}\">\n\t\t\t\t\t<div class=\"e-con-inner\">\n\t\t<div class=\"elementor-element elementor-element-f227425 e-con-full e-flex e-con e-child\" data-id=\"f227425\" data-element_type=\"container\" data-e-type=\"container\">\n\t\t\t\t<div class=\"elementor-element elementor-element-f0e4b36 elementor-widget elementor-widget-heading\" data-id=\"f0e4b36\" data-element_type=\"widget\" data-e-type=\"widget\" data-widget_type=\"heading.default\">\n\t\t\t\t<div class=\"elementor-widget-container\">\n\t\t\t\t\t<h2 class=\"elementor-heading-title elementor-size-default\">Deje que Meiloz impulse su negocio hoy mismo.<\/h2>\t\t\t\t<\/div>\n\t\t\t\t<\/div>\n\t\t\t\t<div class=\"elementor-element elementor-element-f399d19 elementor-widget elementor-widget-text-editor\" data-id=\"f399d19\" data-element_type=\"widget\" data-e-type=\"widget\" data-widget_type=\"text-editor.default\">\n\t\t\t\t<div class=\"elementor-widget-container\">\n\t\t\t\t\t\t\t\t\t<p><span style=\"font-weight: 400;\">\u00danase a nuestra red mundial para ofrecer utensilios de cocina de hierro fundido personalizables y de alta calidad. Las ventajas incluyen:<\/span><\/p><ul><li style=\"font-weight: 400;\" aria-level=\"1\"><span style=\"font-weight: 400;\">Productos diversos para restaurantes, comercios y regalos.<\/span><\/li><li style=\"font-weight: 400;\" aria-level=\"1\"><span style=\"font-weight: 400;\">Precios competitivos con descuentos por volumen.<\/span><\/li><li style=\"font-weight: 400;\" aria-level=\"1\"><span style=\"font-weight: 400;\">Soporte de marketing multiling\u00fce.<\/span><\/li><li style=\"font-weight: 400;\" aria-level=\"1\"><span style=\"font-weight: 400;\">Entrega fiable en 35-55 d\u00edas.<\/span><\/li><\/ul><p><span style=\"font-weight: 400;\">\u00a1As\u00f3ciese con Meiloz para hacer crecer su negocio!<\/span><\/p>\t\t\t\t\t\t\t\t<\/div>\n\t\t\t\t<\/div>\n\t\t\t\t<\/div>\n\t\t<div class=\"elementor-element elementor-element-3dac538 e-con-full e-flex e-con e-child\" data-id=\"3dac538\" data-element_type=\"container\" data-e-type=\"container\" data-settings=\"{&quot;background_background&quot;:&quot;classic&quot;}\">\n\t\t\t\t<div class=\"elementor-element elementor-element-ac3460f elementor-button-align-center elementor-widget elementor-widget-form\" data-id=\"ac3460f\" data-element_type=\"widget\" data-e-type=\"widget\" data-settings=\"{&quot;step_next_label&quot;:&quot;Next&quot;,&quot;step_previous_label&quot;:&quot;Previous&quot;,&quot;button_width&quot;:&quot;100&quot;,&quot;step_type&quot;:&quot;number_text&quot;,&quot;step_icon_shape&quot;:&quot;circle&quot;}\" data-widget_type=\"form.default\">\n\t\t\t\t<div class=\"elementor-widget-container\">\n\t\t\t\t\t\t\t<form class=\"elementor-form\" method=\"post\" name=\"New Form\" aria-label=\"Nuevo formulario\" action=\"\">\n\t\t\t<input type=\"hidden\" name=\"post_id\" value=\"18\"\/>\n\t\t\t<input type=\"hidden\" name=\"form_id\" value=\"ac3460f\"\/>\n\t\t\t<input type=\"hidden\" name=\"referer_title\" value=\"\" \/>\n\n\t\t\t\n\t\t\t<div class=\"elementor-form-fields-wrapper elementor-labels-above\">\n\t\t\t\t\t\t\t\t<div class=\"elementor-field-type-text elementor-field-group elementor-column elementor-field-group-name elementor-col-100\">\n\t\t\t\t\t\t\t\t\t\t\t\t<label for=\"form-field-name\" class=\"elementor-field-label\">\n\t\t\t\t\t\t\t\tNombre\t\t\t\t\t\t\t<\/label>\n\t\t\t\t\t\t\t\t\t\t\t\t\t\t<input size=\"1\" type=\"text\" name=\"form_fields[name]\" id=\"form-field-name\" class=\"elementor-field elementor-size-sm  elementor-field-textual\" placeholder=\"Nombre\">\n\t\t\t\t\t\t\t\t\t\t\t<\/div>\n\t\t\t\t\t\t\t\t<div class=\"elementor-field-type-email elementor-field-group elementor-column elementor-field-group-email elementor-col-100 elementor-field-required\">\n\t\t\t\t\t\t\t\t\t\t\t\t<label for=\"form-field-email\" class=\"elementor-field-label\">\n\t\t\t\t\t\t\t\tCorreo electr\u00f3nico\t\t\t\t\t\t\t<\/label>\n\t\t\t\t\t\t\t\t\t\t\t\t\t\t<input size=\"1\" type=\"email\" name=\"form_fields[email]\" id=\"form-field-email\" class=\"elementor-field elementor-size-sm  elementor-field-textual\" placeholder=\"Correo electr\u00f3nico\" required=\"required\">\n\t\t\t\t\t\t\t\t\t\t\t<\/div>\n\t\t\t\t\t\t\t\t<div class=\"elementor-field-type-textarea elementor-field-group elementor-column elementor-field-group-message elementor-col-100\">\n\t\t\t\t\t\t\t\t\t\t\t\t<label for=\"form-field-message\" class=\"elementor-field-label\">\n\t\t\t\t\t\t\t\tMensaje\t\t\t\t\t\t\t<\/label>\n\t\t\t\t\t\t<textarea class=\"elementor-field-textual elementor-field  elementor-size-sm\" name=\"form_fields[message]\" id=\"form-field-message\" rows=\"4\" placeholder=\"Mensaje\"><\/textarea>\t\t\t\t<\/div>\n\t\t\t\t\t\t\t\t<div class=\"elementor-field-group elementor-column elementor-field-type-submit elementor-col-100 e-form__buttons\">\n\t\t\t\t\t<button class=\"elementor-button elementor-size-lg\" type=\"submit\">\n\t\t\t\t\t\t<span class=\"elementor-button-content-wrapper\">\n\t\t\t\t\t\t\t\t\t\t\t\t\t\t\t\t\t\t\t\t\t\t<span class=\"elementor-button-text\">Enviar<\/span>\n\t\t\t\t\t\t\t\t\t\t\t\t\t<\/span>\n\t\t\t\t\t<\/button>\n\t\t\t\t<\/div>\n\t\t\t<\/div>\n\t\t<input type=\"hidden\" name=\"trp-form-language\" value=\"es\"\/><\/form>\n\t\t\t\t\t\t<\/div>\n\t\t\t\t<\/div>\n\t\t\t\t<\/div>\n\t\t\t\t\t<\/div>\n\t\t\t\t<\/div>\n\t\t\t\t<\/div>","protected":false},"excerpt":{"rendered":"<p>Acerca de nosotros Su socio de confianza en utensilios de cocina de hierro fundido desde 2015 Qui\u00e9nes somos Descubra Meiloz: Pioneros en soluciones de utensilios de cocina a medida Meiloz es una marca de utensilios de cocina de primera clase con una rica herencia en la fabricaci\u00f3n de utensilios de cocina que se remonta a 1996. Antes, facotry s\u00f3lo se centran en utensilios de cocina, y los clientes siempre nos necesitan abastecimiento de otros accesorios relacionados, nos [...]<\/p>","protected":false},"author":1,"featured_media":0,"parent":0,"menu_order":0,"comment_status":"closed","ping_status":"closed","template":"","meta":{"footnotes":""},"class_list":["post-18","page","type-page","status-publish","hentry"],"_links":{"self":[{"href":"https:\/\/meiloz.com\/es\/wp-json\/wp\/v2\/pages\/18","targetHints":{"allow":["GET"]}}],"collection":[{"href":"https:\/\/meiloz.com\/es\/wp-json\/wp\/v2\/pages"}],"about":[{"href":"https:\/\/meiloz.com\/es\/wp-json\/wp\/v2\/types\/page"}],"author":[{"embeddable":true,"href":"https:\/\/meiloz.com\/es\/wp-json\/wp\/v2\/users\/1"}],"replies":[{"embeddable":true,"href":"https:\/\/meiloz.com\/es\/wp-json\/wp\/v2\/comments?post=18"}],"version-history":[{"count":47,"href":"https:\/\/meiloz.com\/es\/wp-json\/wp\/v2\/pages\/18\/revisions"}],"predecessor-version":[{"id":3237,"href":"https:\/\/meiloz.com\/es\/wp-json\/wp\/v2\/pages\/18\/revisions\/3237"}],"wp:attachment":[{"href":"https:\/\/meiloz.com\/es\/wp-json\/wp\/v2\/media?parent=18"}],"curies":[{"name":"wp","href":"https:\/\/api.w.org\/{rel}","templated":true}]}}