{"id":1668,"date":"2024-10-15T15:35:29","date_gmt":"2024-10-15T07:35:29","guid":{"rendered":"https:\/\/meiloz.com\/?page_id=1668"},"modified":"2024-10-25T15:05:37","modified_gmt":"2024-10-25T07:05:37","slug":"faq","status":"publish","type":"page","link":"https:\/\/meiloz.com\/fr\/faq\/","title":{"rendered":"FAQ sur les ustensiles de cuisine"},"content":{"rendered":"<div data-elementor-type=\"wp-page\" data-elementor-id=\"1668\" class=\"elementor elementor-1668\" data-elementor-post-type=\"page\">\n\t\t\t\t<div class=\"elementor-element elementor-element-3647b1b e-flex e-con-boxed e-con e-parent\" data-id=\"3647b1b\" data-element_type=\"container\" data-e-type=\"container\" data-settings=\"{&quot;background_background&quot;:&quot;classic&quot;}\">\n\t\t\t\t\t<div class=\"e-con-inner\">\n\t\t\t\t<div class=\"elementor-element elementor-element-4465d1e elementor-widget elementor-widget-heading\" data-id=\"4465d1e\" data-element_type=\"widget\" data-e-type=\"widget\" data-widget_type=\"heading.default\">\n\t\t\t\t<div class=\"elementor-widget-container\">\n\t\t\t\t\t<h2 class=\"elementor-heading-title elementor-size-default\">FAQ<\/h2>\t\t\t\t<\/div>\n\t\t\t\t<\/div>\n\t\t\t\t\t<\/div>\n\t\t\t\t<\/div>\n\t\t<div class=\"elementor-element elementor-element-5c40a460 e-con-full e-flex e-con e-parent\" data-id=\"5c40a460\" data-element_type=\"container\" data-e-type=\"container\" data-settings=\"{&quot;background_background&quot;:&quot;classic&quot;}\">\n\t\t\t\t<div class=\"elementor-element elementor-element-74b68f0c elementor-widget__width-initial elementor-widget elementor-widget-toggle\" data-id=\"74b68f0c\" data-element_type=\"widget\" data-e-type=\"widget\" data-widget_type=\"toggle.default\">\n\t\t\t\t<div class=\"elementor-widget-container\">\n\t\t\t\t\t\t\t<div class=\"elementor-toggle\">\n\t\t\t\t\t\t\t<div class=\"elementor-toggle-item\">\n\t\t\t\t\t<h5 id=\"elementor-tab-title-1951\" class=\"elementor-tab-title\" data-tab=\"1\" role=\"button\" aria-controls=\"elementor-tab-content-1951\" aria-expanded=\"false\">\n\t\t\t\t\t\t\t\t\t\t\t\t<a class=\"elementor-toggle-title\" tabindex=\"0\">Combien de temps faut-il pour fabriquer un nouveau moule ?<\/a>\n\t\t\t\t\t<\/h5>\n\n\t\t\t\t\t<div id=\"elementor-tab-content-1951\" class=\"elementor-tab-content elementor-clearfix\" data-tab=\"1\" role=\"region\" aria-labelledby=\"elementor-tab-title-1951\"><p>Normalement, le d\u00e9lai est de 30 jours. Deux \u00e9chantillons peuvent \u00eatre pr\u00e9par\u00e9s pour vous.<\/p><\/div>\n\t\t\t\t<\/div>\n\t\t\t\t\t\t\t<div class=\"elementor-toggle-item\">\n\t\t\t\t\t<h5 id=\"elementor-tab-title-1952\" class=\"elementor-tab-title\" data-tab=\"2\" role=\"button\" aria-controls=\"elementor-tab-content-1952\" aria-expanded=\"false\">\n\t\t\t\t\t\t\t\t\t\t\t\t<a class=\"elementor-toggle-title\" tabindex=\"0\">Quels types d'ustensiles de cuisine en fonte proposez-vous ?<\/a>\n\t\t\t\t\t<\/h5>\n\n\t\t\t\t\t<div id=\"elementor-tab-content-1952\" class=\"elementor-tab-content elementor-clearfix\" data-tab=\"2\" role=\"region\" aria-labelledby=\"elementor-tab-title-1952\"><p>Nous sommes sp\u00e9cialis\u00e9s dans une vari\u00e9t\u00e9 d'ustensiles de cuisine en fonte \u00e9maill\u00e9e et assaisonn\u00e9e, notamment des po\u00eales \u00e0 frire, des po\u00eales \u00e0 griller, des po\u00eales \u00e0 pizza, des fours hollandais et bien d'autres encore, con\u00e7us pour r\u00e9pondre \u00e0 divers besoins culinaires.<\/p><\/div>\n\t\t\t\t<\/div>\n\t\t\t\t\t\t\t<div class=\"elementor-toggle-item\">\n\t\t\t\t\t<h5 id=\"elementor-tab-title-1953\" class=\"elementor-tab-title\" data-tab=\"3\" role=\"button\" aria-controls=\"elementor-tab-content-1953\" aria-expanded=\"false\">\n\t\t\t\t\t\t\t\t\t\t\t\t<a class=\"elementor-toggle-title\" tabindex=\"0\">Vos produits peuvent-ils entrer en contact avec des denr\u00e9es alimentaires ?<\/a>\n\t\t\t\t\t<\/h5>\n\n\t\t\t\t\t<div id=\"elementor-tab-content-1953\" class=\"elementor-tab-content elementor-clearfix\" data-tab=\"3\" role=\"region\" aria-labelledby=\"elementor-tab-title-1953\"><p>Oui, tous nos produits sont soumis \u00e0 des tests rigoureux et r\u00e9pondent aux normes de la FDA pour le march\u00e9 am\u00e9ricain et aux normes LFGB Food Contact Grade pour l'Europe, ce qui garantit une s\u00e9curit\u00e9 alimentaire de premier ordre.<\/p><\/div>\n\t\t\t\t<\/div>\n\t\t\t\t\t\t\t<div class=\"elementor-toggle-item\">\n\t\t\t\t\t<h5 id=\"elementor-tab-title-1954\" class=\"elementor-tab-title\" data-tab=\"4\" role=\"button\" aria-controls=\"elementor-tab-content-1954\" aria-expanded=\"false\">\n\t\t\t\t\t\t\t\t\t\t\t\t<a class=\"elementor-toggle-title\" tabindex=\"0\">Quels sont vos principaux pays d'exportation ?<\/a>\n\t\t\t\t\t<\/h5>\n\n\t\t\t\t\t<div id=\"elementor-tab-content-1954\" class=\"elementor-tab-content elementor-clearfix\" data-tab=\"4\" role=\"region\" aria-labelledby=\"elementor-tab-title-1954\"><p>Nous sommes fiers d'exporter nos produits vers un grand nombre de pays, notamment les \u00c9tats-Unis, le Canada, l'Australie, l'Europe et bien d'autres encore, r\u00e9pondant ainsi aux besoins des march\u00e9s mondiaux.<\/p><\/div>\n\t\t\t\t<\/div>\n\t\t\t\t\t\t\t<div class=\"elementor-toggle-item\">\n\t\t\t\t\t<h5 id=\"elementor-tab-title-1955\" class=\"elementor-tab-title\" data-tab=\"5\" role=\"button\" aria-controls=\"elementor-tab-content-1955\" aria-expanded=\"false\">\n\t\t\t\t\t\t\t\t\t\t\t\t<a class=\"elementor-toggle-title\" tabindex=\"0\">Combien de temps s'\u00e9coule-t-il entre la commande et la livraison ?<\/a>\n\t\t\t\t\t<\/h5>\n\n\t\t\t\t\t<div id=\"elementor-tab-content-1955\" class=\"elementor-tab-content elementor-clearfix\" data-tab=\"5\" role=\"region\" aria-labelledby=\"elementor-tab-title-1955\"><p>Le d\u00e9lai standard entre la commande et la livraison varie en fonction du produit et de la taille de la commande, mais il est g\u00e9n\u00e9ralement compris entre 35 et 55 jours. Nous nous effor\u00e7ons de r\u00e9pondre \u00e0 vos besoins en mati\u00e8re de d\u00e9lais de la mani\u00e8re la plus efficace possible.<\/p><\/div>\n\t\t\t\t<\/div>\n\t\t\t\t\t\t\t\t<\/div>\n\t\t\t\t\t\t<\/div>\n\t\t\t\t<\/div>\n\t\t\t\t<div class=\"elementor-element elementor-element-c2b9cb0 elementor-widget__width-initial elementor-widget elementor-widget-toggle\" data-id=\"c2b9cb0\" data-element_type=\"widget\" data-e-type=\"widget\" data-widget_type=\"toggle.default\">\n\t\t\t\t<div class=\"elementor-widget-container\">\n\t\t\t\t\t\t\t<div class=\"elementor-toggle\">\n\t\t\t\t\t\t\t<div class=\"elementor-toggle-item\">\n\t\t\t\t\t<h5 id=\"elementor-tab-title-2041\" class=\"elementor-tab-title\" data-tab=\"1\" role=\"button\" aria-controls=\"elementor-tab-content-2041\" aria-expanded=\"false\">\n\t\t\t\t\t\t\t\t\t\t\t\t<a class=\"elementor-toggle-title\" tabindex=\"0\">Puis-je personnaliser les ustensiles de cuisine pour qu'ils correspondent \u00e0 ma marque ?<\/a>\n\t\t\t\t\t<\/h5>\n\n\t\t\t\t\t<div id=\"elementor-tab-content-2041\" class=\"elementor-tab-content elementor-clearfix\" data-tab=\"1\" role=\"region\" aria-labelledby=\"elementor-tab-title-2041\"><p>Absolument ! Nous proposons des options de personnalisation, notamment en ce qui concerne la forme, la taille, la couleur et la finition, afin de garantir que les ustensiles de cuisine correspondent parfaitement \u00e0 l'identit\u00e9 de votre marque et r\u00e9pondent \u00e0 vos besoins sp\u00e9cifiques.<\/p><\/div>\n\t\t\t\t<\/div>\n\t\t\t\t\t\t\t<div class=\"elementor-toggle-item\">\n\t\t\t\t\t<h5 id=\"elementor-tab-title-2042\" class=\"elementor-tab-title\" data-tab=\"2\" role=\"button\" aria-controls=\"elementor-tab-content-2042\" aria-expanded=\"false\">\n\t\t\t\t\t\t\t\t\t\t\t\t<a class=\"elementor-toggle-title\" tabindex=\"0\">Quelle est la quantit\u00e9 minimale de commande (MOQ) pour vos produits ?<\/a>\n\t\t\t\t\t<\/h5>\n\n\t\t\t\t\t<div id=\"elementor-tab-content-2042\" class=\"elementor-tab-content elementor-clearfix\" data-tab=\"2\" role=\"region\" aria-labelledby=\"elementor-tab-title-2042\"><p>Normalement 500-1000pcs.<\/p><p>Notre MOQ est con\u00e7u pour \u00eatre flexible, en fonction de la ligne de produits et des d\u00e9tails de personnalisation.<\/p><p>N'h\u00e9sitez pas \u00e0 nous contacter pour discuter de vos besoins sp\u00e9cifiques et trouver la solution qui vous convient le mieux.<\/p><\/div>\n\t\t\t\t<\/div>\n\t\t\t\t\t\t\t<div class=\"elementor-toggle-item\">\n\t\t\t\t\t<h5 id=\"elementor-tab-title-2043\" class=\"elementor-tab-title\" data-tab=\"3\" role=\"button\" aria-controls=\"elementor-tab-content-2043\" aria-expanded=\"false\">\n\t\t\t\t\t\t\t\t\t\t\t\t<a class=\"elementor-toggle-title\" tabindex=\"0\">En quoi les ustensiles de cuisine en fonte sont-ils uniques ?<\/a>\n\t\t\t\t\t<\/h5>\n\n\t\t\t\t\t<div id=\"elementor-tab-content-2043\" class=\"elementor-tab-content elementor-clearfix\" data-tab=\"3\" role=\"region\" aria-labelledby=\"elementor-tab-title-2043\"><p>Les ustensiles de cuisine en fonte assaisonn\u00e9s offrent une r\u00e9tention exceptionnelle de la chaleur et une cuisson uniforme. Elle est naturellement antiadh\u00e9sive lorsqu'elle est correctement assaisonn\u00e9e et rehausse les saveurs au fil du temps, ce qui la rend id\u00e9ale pour un large \u00e9ventail de styles de cuisson.<\/p><\/div>\n\t\t\t\t<\/div>\n\t\t\t\t\t\t\t<div class=\"elementor-toggle-item\">\n\t\t\t\t\t<h5 id=\"elementor-tab-title-2044\" class=\"elementor-tab-title\" data-tab=\"4\" role=\"button\" aria-controls=\"elementor-tab-content-2044\" aria-expanded=\"false\">\n\t\t\t\t\t\t\t\t\t\t\t\t<a class=\"elementor-toggle-title\" tabindex=\"0\">Comment vos ustensiles de cuisine se distinguent-ils en termes de durabilit\u00e9 ?<\/a>\n\t\t\t\t\t<\/h5>\n\n\t\t\t\t\t<div id=\"elementor-tab-content-2044\" class=\"elementor-tab-content elementor-clearfix\" data-tab=\"4\" role=\"region\" aria-labelledby=\"elementor-tab-title-2044\"><p>Nos ustensiles de cuisine sont fabriqu\u00e9s \u00e0 l'aide de mat\u00e9riaux de haute qualit\u00e9 et des derni\u00e8res technologies de fabrication afin de garantir une durabilit\u00e9 et une long\u00e9vit\u00e9 exceptionnelles, m\u00eame en cas d'utilisation intensive dans des environnements professionnels.<\/p><\/div>\n\t\t\t\t<\/div>\n\t\t\t\t\t\t\t<div class=\"elementor-toggle-item\">\n\t\t\t\t\t<h5 id=\"elementor-tab-title-2045\" class=\"elementor-tab-title\" data-tab=\"5\" role=\"button\" aria-controls=\"elementor-tab-content-2045\" aria-expanded=\"false\">\n\t\t\t\t\t\t\t\t\t\t\t\t<a class=\"elementor-toggle-title\" tabindex=\"0\"><\/a>\n\t\t\t\t\t<\/h5>\n\n\t\t\t\t\t<div id=\"elementor-tab-content-2045\" class=\"elementor-tab-content elementor-clearfix\" data-tab=\"5\" role=\"region\" aria-labelledby=\"elementor-tab-title-2045\"><\/div>\n\t\t\t\t<\/div>\n\t\t\t\t\t\t\t\t<\/div>\n\t\t\t\t\t\t<\/div>\n\t\t\t\t<\/div>\n\t\t\t\t<\/div>\n\t\t\t\t<\/div>","protected":false},"excerpt":{"rendered":"<p>FAQ How long to make a new mold? Normally\u00a0 in 30 days.\u00a0 two samples can be ready for you . What types of cast iron cookware do you offer? We specialize in a variety of seasoned and enamel cast iron cookware including fry pans, grill pans, pizza pans, Dutch ovens, and more, tailored to meet [&hellip;]<\/p>","protected":false},"author":1,"featured_media":0,"parent":0,"menu_order":0,"comment_status":"closed","ping_status":"closed","template":"","meta":{"footnotes":""},"class_list":["post-1668","page","type-page","status-publish","hentry"],"_links":{"self":[{"href":"https:\/\/meiloz.com\/fr\/wp-json\/wp\/v2\/pages\/1668","targetHints":{"allow":["GET"]}}],"collection":[{"href":"https:\/\/meiloz.com\/fr\/wp-json\/wp\/v2\/pages"}],"about":[{"href":"https:\/\/meiloz.com\/fr\/wp-json\/wp\/v2\/types\/page"}],"author":[{"embeddable":true,"href":"https:\/\/meiloz.com\/fr\/wp-json\/wp\/v2\/users\/1"}],"replies":[{"embeddable":true,"href":"https:\/\/meiloz.com\/fr\/wp-json\/wp\/v2\/comments?post=1668"}],"version-history":[{"count":10,"href":"https:\/\/meiloz.com\/fr\/wp-json\/wp\/v2\/pages\/1668\/revisions"}],"predecessor-version":[{"id":2572,"href":"https:\/\/meiloz.com\/fr\/wp-json\/wp\/v2\/pages\/1668\/revisions\/2572"}],"wp:attachment":[{"href":"https:\/\/meiloz.com\/fr\/wp-json\/wp\/v2\/media?parent=1668"}],"curies":[{"name":"wp","href":"https:\/\/api.w.org\/{rel}","templated":true}]}}