{"id":18,"date":"2024-04-21T09:17:25","date_gmt":"2024-04-21T09:17:25","guid":{"rendered":"https:\/\/meiloz.com\/?page_id=18"},"modified":"2025-07-20T10:17:42","modified_gmt":"2025-07-20T02:17:42","slug":"about","status":"publish","type":"page","link":"https:\/\/meiloz.com\/fr\/about\/","title":{"rendered":"A propos de"},"content":{"rendered":"<div data-elementor-type=\"wp-page\" data-elementor-id=\"18\" class=\"elementor elementor-18\" data-elementor-post-type=\"page\">\n\t\t\t\t<div class=\"elementor-element elementor-element-ddm7b79 e-flex e-con-boxed e-con e-parent\" data-id=\"ddm7b79\" data-element_type=\"container\" data-e-type=\"container\" data-settings=\"{&quot;background_background&quot;:&quot;classic&quot;}\">\n\t\t\t\t\t<div class=\"e-con-inner\">\n\t\t\t\t<div class=\"elementor-element elementor-element-0d7f101 elementor-widget elementor-widget-woocommerce-breadcrumb\" data-id=\"0d7f101\" data-element_type=\"widget\" data-e-type=\"widget\" data-widget_type=\"woocommerce-breadcrumb.default\">\n\t\t\t\t<div class=\"elementor-widget-container\">\n\t\t\t\t\t<nav class=\"woocommerce-breadcrumb\" aria-label=\"Breadcrumb\" data-no-translation=\"\" data-trp-gettext=\"\">Accueil<\/nav>\t\t\t\t<\/div>\n\t\t\t\t<\/div>\n\t\t\t\t<div class=\"elementor-element elementor-element-b39b7af elementor-widget__width-initial elementor-widget elementor-widget-heading\" data-id=\"b39b7af\" data-element_type=\"widget\" data-e-type=\"widget\" data-widget_type=\"heading.default\">\n\t\t\t\t<div class=\"elementor-widget-container\">\n\t\t\t\t\t<p class=\"elementor-heading-title elementor-size-default\">\u00c0 propos de nous<\/p>\t\t\t\t<\/div>\n\t\t\t\t<\/div>\n\t\t\t\t<div class=\"elementor-element elementor-element-ad5efec elementor-widget__width-initial elementor-widget elementor-widget-heading\" data-id=\"ad5efec\" data-element_type=\"widget\" data-e-type=\"widget\" data-widget_type=\"heading.default\">\n\t\t\t\t<div class=\"elementor-widget-container\">\n\t\t\t\t\t<h1 class=\"elementor-heading-title elementor-size-default\">Votre partenaire de confiance pour les ustensiles de cuisine en fonte depuis 2015<\/h1>\t\t\t\t<\/div>\n\t\t\t\t<\/div>\n\t\t\t\t\t<\/div>\n\t\t\t\t<\/div>\n\t\t<div class=\"elementor-element elementor-element-4lvndsf e-flex e-con-boxed e-con e-parent\" data-id=\"4lvndsf\" data-element_type=\"container\" data-e-type=\"container\" data-settings=\"{&quot;background_background&quot;:&quot;classic&quot;}\">\n\t\t\t\t\t<div class=\"e-con-inner\">\n\t\t<div class=\"elementor-element elementor-element-8d56ee4 e-con-full e-flex e-con e-child\" data-id=\"8d56ee4\" data-element_type=\"container\" data-e-type=\"container\">\n\t\t<div class=\"elementor-element elementor-element-147497f e-con-full e-flex e-con e-child\" data-id=\"147497f\" data-element_type=\"container\" data-e-type=\"container\">\n\t\t<div class=\"elementor-element elementor-element-070bc93 e-con-full e-flex e-con e-child\" data-id=\"070bc93\" data-element_type=\"container\" data-e-type=\"container\">\n\t\t\t\t<div class=\"elementor-element elementor-element-ada0517 elementor-widget elementor-widget-image\" data-id=\"ada0517\" data-element_type=\"widget\" data-e-type=\"widget\" data-widget_type=\"image.default\">\n\t\t\t\t<div class=\"elementor-widget-container\">\n\t\t\t\t\t\t\t\t\t\t\t\t\t\t\t<img fetchpriority=\"high\" decoding=\"async\" width=\"1320\" height=\"663\" src=\"https:\/\/meiloz.com\/wp-content\/uploads\/2024\/04\/laser.png\" class=\"attachment-full size-full wp-image-377\" alt=\"\" srcset=\"https:\/\/meiloz.com\/wp-content\/uploads\/2024\/04\/laser.png 1320w, https:\/\/meiloz.com\/wp-content\/uploads\/2024\/04\/laser-600x301.png 600w, https:\/\/meiloz.com\/wp-content\/uploads\/2024\/04\/laser-300x151.png 300w, https:\/\/meiloz.com\/wp-content\/uploads\/2024\/04\/laser-1024x514.png 1024w, https:\/\/meiloz.com\/wp-content\/uploads\/2024\/04\/laser-768x386.png 768w\" sizes=\"(max-width: 1320px) 100vw, 1320px\" \/>\t\t\t\t\t\t\t\t\t\t\t\t\t\t\t<\/div>\n\t\t\t\t<\/div>\n\t\t\t\t<\/div>\n\t\t<div class=\"elementor-element elementor-element-c1b2f2d e-con-full e-flex e-con e-child\" data-id=\"c1b2f2d\" data-element_type=\"container\" data-e-type=\"container\">\n\t\t\t\t<div class=\"elementor-element elementor-element-28be568 elementor-widget elementor-widget-heading\" data-id=\"28be568\" data-element_type=\"widget\" data-e-type=\"widget\" data-widget_type=\"heading.default\">\n\t\t\t\t<div class=\"elementor-widget-container\">\n\t\t\t\t\t<h2 class=\"elementor-heading-title elementor-size-default\">Qui sommes-nous ?<\/h2>\t\t\t\t<\/div>\n\t\t\t\t<\/div>\n\t\t\t\t<div class=\"elementor-element elementor-element-181daaf elementor-widget elementor-widget-heading\" data-id=\"181daaf\" data-element_type=\"widget\" data-e-type=\"widget\" data-widget_type=\"heading.default\">\n\t\t\t\t<div class=\"elementor-widget-container\">\n\t\t\t\t\t<h2 class=\"elementor-heading-title elementor-size-default\">D\u00e9couvrez Meiloz : Pionniers des solutions sur mesure pour les ustensiles de cuisine<\/h2>\t\t\t\t<\/div>\n\t\t\t\t<\/div>\n\t\t\t\t<div class=\"elementor-element elementor-element-f4de923 elementor-widget elementor-widget-text-editor\" data-id=\"f4de923\" data-element_type=\"widget\" data-e-type=\"widget\" data-widget_type=\"text-editor.default\">\n\t\t\t\t<div class=\"elementor-widget-container\">\n\t\t\t\t\t\t\t\t\t<p>Meiloz est une marque d'ustensiles de cuisine de premier plan qui poss\u00e8de un riche h\u00e9ritage dans la fabrication d'ustensiles de cuisine depuis 1996.<\/p><p>Auparavant, facotry se concentrait uniquement sur les ustensiles de cuisine, et les clients nous demandaient toujours de leur fournir d'autres accessoires connexes. Nous avons d\u00e9couvert que nous avions la capacit\u00e9 et le plaisir d'offrir \u00e0 nos clients des services plus vari\u00e9s.<\/p><p>Au fil des ans, nous avons \u00e9largi notre offre pour inclure non seulement des ustensiles de cuisine en fonte et des ustensiles de cuisine en fonte \u00e9maill\u00e9e, mais aussi une gamme compl\u00e8te d'outils de cuisine, d'ustensiles, d'ustensiles de cuisson et d'autres produits de cuisine connexes.<\/p><p>En int\u00e9grant les exigences de la cha\u00eene d'approvisionnement, Meiloz devient un partenaire de confiance dans l'industrie des ustensiles de cuisine.<\/p>\t\t\t\t\t\t\t\t<\/div>\n\t\t\t\t<\/div>\n\t\t\t\t<\/div>\n\t\t\t\t<\/div>\n\t\t<div class=\"elementor-element elementor-element-aa5796e e-con-full e-flex e-con e-child\" data-id=\"aa5796e\" data-element_type=\"container\" data-e-type=\"container\">\n\t\t<div class=\"elementor-element elementor-element-884e89a e-con-full e-flex e-con e-child\" data-id=\"884e89a\" data-element_type=\"container\" data-e-type=\"container\">\n\t\t\t\t<div class=\"elementor-element elementor-element-42141ac elementor-widget elementor-widget-heading\" data-id=\"42141ac\" data-element_type=\"widget\" data-e-type=\"widget\" data-widget_type=\"heading.default\">\n\t\t\t\t<div class=\"elementor-widget-container\">\n\t\t\t\t\t<h2 class=\"elementor-heading-title elementor-size-default\">Notre mission<\/h2>\t\t\t\t<\/div>\n\t\t\t\t<\/div>\n\t\t\t\t<div class=\"elementor-element elementor-element-1e9397a elementor-widget elementor-widget-text-editor\" data-id=\"1e9397a\" data-element_type=\"widget\" data-e-type=\"widget\" data-widget_type=\"text-editor.default\">\n\t\t\t\t<div class=\"elementor-widget-container\">\n\t\t\t\t\t\t\t\t\t<p><strong>Guid\u00e9s par la tradition et l'innovation<\/strong><\/p>\n<p>Nous combinons des traditions s\u00e9culaires avec des avanc\u00e9es technologiques modernes pour cr\u00e9er des ustensiles de cuisine qui r\u00e9sistent \u00e0 l'\u00e9preuve du temps. Nos pi\u00e8ces en fonte assaisonn\u00e9e et \u00e9maill\u00e9e refl\u00e8tent notre attachement \u00e0 l'artisanat et notre passion pour la cuisine.<\/p>\n<p><strong>La r\u00e9ussite des clients en ligne de mire<\/strong><\/p>\n<p>Nous nous effor\u00e7ons de comprendre et de satisfaire les divers besoins de notre client\u00e8le mondiale. En proposant des solutions personnalis\u00e9es, nous veillons \u00e0 ce que nos partenaires puissent atteindre leurs objectifs commerciaux, en am\u00e9liorant leurs offres de produits et en satisfaisant leurs clients.<\/p>\n<p><strong>D\u00e9di\u00e9 aux pratiques durables<\/strong><\/p>\n<p>La durabilit\u00e9 fait partie int\u00e9grante de notre philosophie op\u00e9rationnelle. Nous nous engageons \u00e0 minimiser notre impact sur l'environnement gr\u00e2ce \u00e0 des processus de fabrication respectueux de l'environnement et \u00e0 un approvisionnement responsable.&nbsp;<\/p>\t\t\t\t\t\t\t\t<\/div>\n\t\t\t\t<\/div>\n\t\t\t\t<\/div>\n\t\t<div class=\"elementor-element elementor-element-a4186ff e-con-full e-flex e-con e-child\" data-id=\"a4186ff\" data-element_type=\"container\" data-e-type=\"container\">\n\t\t\t\t<div class=\"elementor-element elementor-element-c20208f elementor-widget elementor-widget-image\" data-id=\"c20208f\" data-element_type=\"widget\" data-e-type=\"widget\" data-widget_type=\"image.default\">\n\t\t\t\t<div class=\"elementor-widget-container\">\n\t\t\t\t\t\t\t\t\t\t\t\t\t\t\t<img decoding=\"async\" width=\"1280\" height=\"853\" src=\"https:\/\/meiloz.com\/wp-content\/uploads\/2024\/05\/meeting-brainstorming-business-594091.jpg\" class=\"attachment-full size-full wp-image-507\" alt=\"r\u00e9union, brainstorming, business-594091.jpg\" srcset=\"https:\/\/meiloz.com\/wp-content\/uploads\/2024\/05\/meeting-brainstorming-business-594091.jpg 1280w, https:\/\/meiloz.com\/wp-content\/uploads\/2024\/05\/meeting-brainstorming-business-594091-600x400.jpg 600w, https:\/\/meiloz.com\/wp-content\/uploads\/2024\/05\/meeting-brainstorming-business-594091-300x200.jpg 300w, https:\/\/meiloz.com\/wp-content\/uploads\/2024\/05\/meeting-brainstorming-business-594091-1024x682.jpg 1024w, https:\/\/meiloz.com\/wp-content\/uploads\/2024\/05\/meeting-brainstorming-business-594091-768x512.jpg 768w\" sizes=\"(max-width: 1280px) 100vw, 1280px\" \/>\t\t\t\t\t\t\t\t\t\t\t\t\t\t\t<\/div>\n\t\t\t\t<\/div>\n\t\t\t\t<\/div>\n\t\t\t\t<\/div>\n\t\t\t\t<\/div>\n\t\t\t\t\t<\/div>\n\t\t\t\t<\/div>\n\t\t<div class=\"elementor-element elementor-element-yw8wvs3 e-flex e-con-boxed e-con e-parent\" data-id=\"yw8wvs3\" data-element_type=\"container\" data-e-type=\"container\" data-settings=\"{&quot;background_background&quot;:&quot;classic&quot;}\">\n\t\t\t\t\t<div class=\"e-con-inner\">\n\t\t<div class=\"elementor-element elementor-element-799949e e-con-full e-flex e-con e-child\" data-id=\"799949e\" data-element_type=\"container\" data-e-type=\"container\">\n\t\t\t\t<div class=\"elementor-element elementor-element-615d8ae elementor-widget__width-initial elementor-widget elementor-widget-heading\" data-id=\"615d8ae\" data-element_type=\"widget\" data-e-type=\"widget\" data-widget_type=\"heading.default\">\n\t\t\t\t<div class=\"elementor-widget-container\">\n\t\t\t\t\t<p class=\"elementor-heading-title elementor-size-default\">ce qui nous diff\u00e9rencie<\/p>\t\t\t\t<\/div>\n\t\t\t\t<\/div>\n\t\t\t\t<div class=\"elementor-element elementor-element-302ea05 elementor-widget elementor-widget-heading\" data-id=\"302ea05\" data-element_type=\"widget\" data-e-type=\"widget\" data-widget_type=\"heading.default\">\n\t\t\t\t<div class=\"elementor-widget-container\">\n\t\t\t\t\t<h2 class=\"elementor-heading-title elementor-size-default\">Les valeurs de votre collaboration avec nous<\/h2>\t\t\t\t<\/div>\n\t\t\t\t<\/div>\n\t\t\t\t<\/div>\n\t\t<div class=\"elementor-element elementor-element-197e30f e-con-full e-flex e-con e-child\" data-id=\"197e30f\" data-element_type=\"container\" data-e-type=\"container\">\n\t\t<div class=\"elementor-element elementor-element-f46ae64 e-flex e-con-boxed e-con e-child\" data-id=\"f46ae64\" data-element_type=\"container\" data-e-type=\"container\">\n\t\t\t\t\t<div class=\"e-con-inner\">\n\t\t\t\t<div class=\"elementor-element elementor-element-0199248 elementor-widget elementor-widget-image-box\" data-id=\"0199248\" data-element_type=\"widget\" data-e-type=\"widget\" data-widget_type=\"image-box.default\">\n\t\t\t\t<div class=\"elementor-widget-container\">\n\t\t\t\t\t<div class=\"elementor-image-box-wrapper\"><div class=\"elementor-image-box-content\"><h3 class=\"elementor-image-box-title\">Personnalisation pour r\u00e9pondre \u00e0 votre vision<\/h3><p class=\"elementor-image-box-description\">nous comprenons que chaque entreprise a des besoins uniques. C'est pourquoi nous proposons des options de personnalisation \u00e9tendues dans toute notre gamme de produits. De la taille et de la forme \u00e0 la couleur et \u00e0 la finition, notre capacit\u00e9 \u00e0 adapter les produits vous garantit de trouver l'accord parfait avec les exigences esth\u00e9tiques et fonctionnelles de votre marque. D\u00e9couvrez la libert\u00e9 de concevoir des ustensiles de cuisine qui correspondent \u00e0 votre vision culinaire sp\u00e9cifique.<\/p><\/div><\/div>\t\t\t\t<\/div>\n\t\t\t\t<\/div>\n\t\t\t\t\t<\/div>\n\t\t\t\t<\/div>\n\t\t<div class=\"elementor-element elementor-element-a6305bb e-flex e-con-boxed e-con e-child\" data-id=\"a6305bb\" data-element_type=\"container\" data-e-type=\"container\">\n\t\t\t\t\t<div class=\"e-con-inner\">\n\t\t\t\t<div class=\"elementor-element elementor-element-e3f0f83 elementor-widget elementor-widget-image-box\" data-id=\"e3f0f83\" data-element_type=\"widget\" data-e-type=\"widget\" data-widget_type=\"image-box.default\">\n\t\t\t\t<div class=\"elementor-widget-container\">\n\t\t\t\t\t<div class=\"elementor-image-box-wrapper\"><div class=\"elementor-image-box-content\"><h3 class=\"elementor-image-box-title\">La puissance de l'approvisionnement mondial<\/h3><p class=\"elementor-image-box-description\">Tirez parti de notre expertise de la cha\u00eene d'approvisionnement mondiale pour enrichir votre offre de produits. Meiloz dispose d'un solide r\u00e9seau dans de nombreux pays, ce qui lui permet de s'approvisionner en mat\u00e9riaux de premi\u00e8re qualit\u00e9 et de fabriquer des ustensiles de cuisine conformes aux normes internationales de s\u00e9curit\u00e9 et de qualit\u00e9. Avec Meiloz, vous b\u00e9n\u00e9ficiez d'un partenaire qui renforce votre avantage concurrentiel sur le march\u00e9, ce qui vous permet de toujours garder une longueur d'avance.<\/p><\/div><\/div>\t\t\t\t<\/div>\n\t\t\t\t<\/div>\n\t\t\t\t\t<\/div>\n\t\t\t\t<\/div>\n\t\t\t\t<\/div>\n\t\t\t\t\t<\/div>\n\t\t\t\t<\/div>\n\t\t<div class=\"elementor-element elementor-element-ecbeb1a e-flex e-con-boxed e-con e-parent\" data-id=\"ecbeb1a\" data-element_type=\"container\" data-e-type=\"container\" data-settings=\"{&quot;background_background&quot;:&quot;classic&quot;}\">\n\t\t\t\t\t<div class=\"e-con-inner\">\n\t\t<div class=\"elementor-element elementor-element-f227425 e-con-full e-flex e-con e-child\" data-id=\"f227425\" data-element_type=\"container\" data-e-type=\"container\">\n\t\t\t\t<div class=\"elementor-element elementor-element-f0e4b36 elementor-widget elementor-widget-heading\" data-id=\"f0e4b36\" data-element_type=\"widget\" data-e-type=\"widget\" data-widget_type=\"heading.default\">\n\t\t\t\t<div class=\"elementor-widget-container\">\n\t\t\t\t\t<h2 class=\"elementor-heading-title elementor-size-default\">Laissez Meiloz stimuler votre activit\u00e9 d\u00e8s aujourd'hui !<\/h2>\t\t\t\t<\/div>\n\t\t\t\t<\/div>\n\t\t\t\t<div class=\"elementor-element elementor-element-f399d19 elementor-widget elementor-widget-text-editor\" data-id=\"f399d19\" data-element_type=\"widget\" data-e-type=\"widget\" data-widget_type=\"text-editor.default\">\n\t\t\t\t<div class=\"elementor-widget-container\">\n\t\t\t\t\t\t\t\t\t<p><span style=\"font-weight: 400;\">Rejoignez notre r\u00e9seau mondial pour offrir des ustensiles de cuisine en fonte de haute qualit\u00e9 et personnalisables. Les avantages sont les suivants :<\/span><\/p><ul><li style=\"font-weight: 400;\" aria-level=\"1\"><span style=\"font-weight: 400;\">Divers produits pour les restaurants, le commerce de d\u00e9tail et les cadeaux.<\/span><\/li><li style=\"font-weight: 400;\" aria-level=\"1\"><span style=\"font-weight: 400;\">Des prix comp\u00e9titifs avec des remises en gros.<\/span><\/li><li style=\"font-weight: 400;\" aria-level=\"1\"><span style=\"font-weight: 400;\">Soutien marketing multilingue.<\/span><\/li><li style=\"font-weight: 400;\" aria-level=\"1\"><span style=\"font-weight: 400;\">Livraison fiable dans un d\u00e9lai de 35 \u00e0 55 jours.<\/span><\/li><\/ul><p><span style=\"font-weight: 400;\">Associez-vous \u00e0 Meiloz pour d\u00e9velopper votre activit\u00e9 !<\/span><\/p>\t\t\t\t\t\t\t\t<\/div>\n\t\t\t\t<\/div>\n\t\t\t\t<\/div>\n\t\t<div class=\"elementor-element elementor-element-3dac538 e-con-full e-flex e-con e-child\" data-id=\"3dac538\" data-element_type=\"container\" data-e-type=\"container\" data-settings=\"{&quot;background_background&quot;:&quot;classic&quot;}\">\n\t\t\t\t<div class=\"elementor-element elementor-element-ac3460f elementor-button-align-center elementor-widget elementor-widget-form\" data-id=\"ac3460f\" data-element_type=\"widget\" data-e-type=\"widget\" data-settings=\"{&quot;step_next_label&quot;:&quot;Next&quot;,&quot;step_previous_label&quot;:&quot;Previous&quot;,&quot;button_width&quot;:&quot;100&quot;,&quot;step_type&quot;:&quot;number_text&quot;,&quot;step_icon_shape&quot;:&quot;circle&quot;}\" data-widget_type=\"form.default\">\n\t\t\t\t<div class=\"elementor-widget-container\">\n\t\t\t\t\t\t\t<form class=\"elementor-form\" method=\"post\" name=\"New Form\" aria-label=\"Nouveau formulaire\" action=\"\">\n\t\t\t<input type=\"hidden\" name=\"post_id\" value=\"18\"\/>\n\t\t\t<input type=\"hidden\" name=\"form_id\" value=\"ac3460f\"\/>\n\t\t\t<input type=\"hidden\" name=\"referer_title\" value=\"\" \/>\n\n\t\t\t\n\t\t\t<div class=\"elementor-form-fields-wrapper elementor-labels-above\">\n\t\t\t\t\t\t\t\t<div class=\"elementor-field-type-text elementor-field-group elementor-column elementor-field-group-name elementor-col-100\">\n\t\t\t\t\t\t\t\t\t\t\t\t<label for=\"form-field-name\" class=\"elementor-field-label\">\n\t\t\t\t\t\t\t\tNom\t\t\t\t\t\t\t<\/label>\n\t\t\t\t\t\t\t\t\t\t\t\t\t\t<input size=\"1\" type=\"text\" name=\"form_fields[name]\" id=\"form-field-name\" class=\"elementor-field elementor-size-sm  elementor-field-textual\" placeholder=\"Nom\">\n\t\t\t\t\t\t\t\t\t\t\t<\/div>\n\t\t\t\t\t\t\t\t<div class=\"elementor-field-type-email elementor-field-group elementor-column elementor-field-group-email elementor-col-100 elementor-field-required\">\n\t\t\t\t\t\t\t\t\t\t\t\t<label for=\"form-field-email\" class=\"elementor-field-label\">\n\t\t\t\t\t\t\t\tCourriel\t\t\t\t\t\t\t<\/label>\n\t\t\t\t\t\t\t\t\t\t\t\t\t\t<input size=\"1\" type=\"email\" name=\"form_fields[email]\" id=\"form-field-email\" class=\"elementor-field elementor-size-sm  elementor-field-textual\" placeholder=\"Courriel\" required=\"required\">\n\t\t\t\t\t\t\t\t\t\t\t<\/div>\n\t\t\t\t\t\t\t\t<div class=\"elementor-field-type-textarea elementor-field-group elementor-column elementor-field-group-message elementor-col-100\">\n\t\t\t\t\t\t\t\t\t\t\t\t<label for=\"form-field-message\" class=\"elementor-field-label\">\n\t\t\t\t\t\t\t\tMessage\t\t\t\t\t\t\t<\/label>\n\t\t\t\t\t\t<textarea class=\"elementor-field-textual elementor-field  elementor-size-sm\" name=\"form_fields[message]\" id=\"form-field-message\" rows=\"4\" placeholder=\"Message\"><\/textarea>\t\t\t\t<\/div>\n\t\t\t\t\t\t\t\t<div class=\"elementor-field-group elementor-column elementor-field-type-submit elementor-col-100 e-form__buttons\">\n\t\t\t\t\t<button class=\"elementor-button elementor-size-lg\" type=\"submit\">\n\t\t\t\t\t\t<span class=\"elementor-button-content-wrapper\">\n\t\t\t\t\t\t\t\t\t\t\t\t\t\t\t\t\t\t\t\t\t\t<span class=\"elementor-button-text\">Envoyer<\/span>\n\t\t\t\t\t\t\t\t\t\t\t\t\t<\/span>\n\t\t\t\t\t<\/button>\n\t\t\t\t<\/div>\n\t\t\t<\/div>\n\t\t<input type=\"hidden\" name=\"trp-form-language\" value=\"fr\"\/><\/form>\n\t\t\t\t\t\t<\/div>\n\t\t\t\t<\/div>\n\t\t\t\t<\/div>\n\t\t\t\t\t<\/div>\n\t\t\t\t<\/div>\n\t\t\t\t<\/div>","protected":false},"excerpt":{"rendered":"<p>\u00c0 propos de nous Votre partenaire de confiance pour les ustensiles de cuisine en fonte depuis 2015 Qui nous sommes D\u00e9couvrez Meiloz : Pionniers dans les solutions d'ustensiles de cuisine sur mesure Meiloz est une marque d'ustensiles de cuisine de premier plan avec un riche h\u00e9ritage dans la fabrication d'ustensiles de cuisine qui remonte \u00e0 1996. Auparavant, la soci\u00e9t\u00e9 ne se concentrait que sur les ustensiles de cuisine, et les clients avaient toujours besoin que nous leur fournissions d'autres accessoires connexes, nous [...]<\/p>","protected":false},"author":1,"featured_media":0,"parent":0,"menu_order":0,"comment_status":"closed","ping_status":"closed","template":"","meta":{"footnotes":""},"class_list":["post-18","page","type-page","status-publish","hentry"],"_links":{"self":[{"href":"https:\/\/meiloz.com\/fr\/wp-json\/wp\/v2\/pages\/18","targetHints":{"allow":["GET"]}}],"collection":[{"href":"https:\/\/meiloz.com\/fr\/wp-json\/wp\/v2\/pages"}],"about":[{"href":"https:\/\/meiloz.com\/fr\/wp-json\/wp\/v2\/types\/page"}],"author":[{"embeddable":true,"href":"https:\/\/meiloz.com\/fr\/wp-json\/wp\/v2\/users\/1"}],"replies":[{"embeddable":true,"href":"https:\/\/meiloz.com\/fr\/wp-json\/wp\/v2\/comments?post=18"}],"version-history":[{"count":47,"href":"https:\/\/meiloz.com\/fr\/wp-json\/wp\/v2\/pages\/18\/revisions"}],"predecessor-version":[{"id":3237,"href":"https:\/\/meiloz.com\/fr\/wp-json\/wp\/v2\/pages\/18\/revisions\/3237"}],"wp:attachment":[{"href":"https:\/\/meiloz.com\/fr\/wp-json\/wp\/v2\/media?parent=18"}],"curies":[{"name":"wp","href":"https:\/\/api.w.org\/{rel}","templated":true}]}}